{"id":857,"date":"2024-03-25T13:07:09","date_gmt":"2024-03-25T13:07:09","guid":{"rendered":"https:\/\/www.siilog.com\/?page_id=857"},"modified":"2024-04-02T17:47:25","modified_gmt":"2024-04-02T17:47:25","slug":"itechmetal-precision","status":"publish","type":"page","link":"https:\/\/www.siilog.com\/fr\/itechmetal-precision\/","title":{"rendered":"iTechMetal Precision"},"content":{"rendered":"<div class=\"wp-block-columns are-vertically-aligned-top is-layout-flex wp-container-core-columns-layout-1 wp-block-columns-is-layout-flex\">\n<div class=\"wp-block-column is-vertically-aligned-top is-layout-flow wp-block-column-is-layout-flow\">\n<figure class=\"wp-block-embed is-type-video is-provider-youtube wp-block-embed-youtube wp-embed-aspect-16-9 wp-has-aspect-ratio\"><div class=\"wp-block-embed__wrapper\">\n<iframe loading=\"lazy\" title=\"itechmetal precision video\" width=\"500\" height=\"281\" src=\"https:\/\/www.youtube.com\/embed\/eAnyGCFXII0?feature=oembed\" frameborder=\"0\" allow=\"accelerometer; autoplay; clipboard-write; encrypted-media; gyroscope; picture-in-picture; web-share\" referrerpolicy=\"strict-origin-when-cross-origin\" allowfullscreen><\/iframe>\n<\/div><\/figure>\n<\/div>\n\n\n\n<div class=\"wp-block-column is-vertically-aligned-top is-layout-flow wp-block-column-is-layout-flow\">\n<h4 class=\"wp-block-heading\">Avec plus de 20 ans de know-how, de conception de qualit\u00e9 avec l'ing\u00e9nierie portugaise et europ\u00e9enne :<\/h4>\n\n\n\n<p>Adjacent aux valeurs du groupe SIILOG et comme r\u00e9f\u00e9rence de la dynamique d'action dans les secteurs industriels dans le but d'une collaboration stricte Clients impliquant la rigueur de l'ex\u00e9cution en temps voulu de toutes les obligations commerciales que nous proposons en tant qu'acteur de march\u00e9 avec la marque ITECHMETAL Precision.<br><br>Gr\u00e2ce \u00e0 notre bureau d'ing\u00e9nierie dans un contexte avec l'op\u00e9rabilit\u00e9 des programmes et la r\u00e9alit\u00e9 de la conception du produit :<br><br>Nous parions sur une zone de production avec un large stock de mati\u00e8res premi\u00e8res, pour respecter et obtenir un grand contr\u00f4le entre l'engagement dans l'attribution avec le client, la fabrication, la livraison ;<br><br>Nous sommes en mesure de travailler sur les r\u00e9f\u00e9rences techniques les plus vari\u00e9es de l'acier, de l'aluminium, du cuivre, du bronze et du nylon, des plastiques techniques ; <strong>A\u00e7o, Alum\u00ednio, Cobre, Bronze, e Nylon, Pl\u00e1sticos T\u00e9cnicos;<\/strong><\/p>\n<\/div>\n<\/div>\n\n\n\n<div class=\"wp-block-spacer\" style=\"height: 100px;\" aria-hidden=\"true\">\u00a0<\/div>\n\n\n\n<h2 class=\"wp-block-heading has-text-align-center\">Notre \u00e9quipement<\/h2>\n\n\n\n<div class=\"wp-block-columns are-vertically-aligned-center is-layout-flex wp-container-core-columns-layout-2 wp-block-columns-is-layout-flex\">\n<div class=\"wp-block-column is-vertically-aligned-center is-layout-flow wp-block-column-is-layout-flow\">\n<h4 class=\"wp-block-heading\">Tour CNC<\/h4>\n\n\n\n<p>Un tour a deux axes de 500 mm entre les points avec des outils rotatifs et 800 mm entre les points.<br><br>Gr\u00e2ce \u00e0 nos tours et centres CNC, nous produisons des pi\u00e8ces des plus simples aux plus complexes, avec une qualit\u00e9 et une pr\u00e9cision \u00e9lev\u00e9es.<\/p>\n\n\n\n<h4 class=\"wp-block-heading\">Centre d'usinage CNC<\/h4>\n\n\n\n<p>Table avec 1050 x 500 x 500 et l'autre a une table avec 1740 x 760 x 660.<\/p>\n<\/div>\n\n\n\n<div class=\"wp-block-column is-vertically-aligned-center is-layout-flow wp-block-column-is-layout-flow\">\n<figure class=\"wp-block-image size-full is-resized\"><img loading=\"lazy\" decoding=\"async\" width=\"570\" height=\"386\" src=\"http:\/\/www.siilog.com\/wp-content\/uploads\/2024\/03\/shutterstock_2216877165-1.webp\" alt=\"\" class=\"wp-image-864\" style=\"width:508px;height:auto\"\/><\/figure>\n<\/div>\n<\/div>\n\n\n\n<div class=\"wp-block-spacer\" style=\"height: 100px;\" aria-hidden=\"true\">\u00a0<\/div>\n\n\n\n<div class=\"wp-block-buttons is-content-justification-center is-layout-flex wp-container-core-buttons-layout-1 wp-block-buttons-is-layout-flex\">\n<div class=\"wp-block-button has-custom-font-size has-medium-font-size\"><a class=\"wp-block-button__link has-white-color has-text-color has-background has-link-color has-text-align-center wp-element-button\" href=\"mailto:itechmetal@siilog.com\" style=\"border-radius:8px;background-color:#a10330\">Fale conosco<\/a><\/div>\n<\/div>","protected":false},"excerpt":{"rendered":"Com mais de 7 anos de know-how, conce\u00e7\u00e3o e detalhe com engenharia portuguesa e europeia: Adjacente nos valores do Grupo SIILOG e como referencia da din\u00e2mica de atua\u00e7\u00e3o nos sectores industriais com o prop\u00f3sito de estrita colabora\u00e7\u00e3o Clientes implicando o rigor do cumprimento atempado de todos os deveres comerciais a que nos propomos enquanto player&#8230;  <a class=\"excerpt-read-more\" href=\"https:\/\/www.siilog.com\/fr\/itechmetal-precision\/\" title=\"ReadiTechMetal Precision\">Read more &raquo;<\/a>","protected":false},"author":2,"featured_media":1005,"parent":0,"menu_order":0,"comment_status":"closed","ping_status":"closed","template":"page-full-width.php","meta":{"footnotes":""},"_links":{"self":[{"href":"https:\/\/www.siilog.com\/fr\/wp-json\/wp\/v2\/pages\/857"}],"collection":[{"href":"https:\/\/www.siilog.com\/fr\/wp-json\/wp\/v2\/pages"}],"about":[{"href":"https:\/\/www.siilog.com\/fr\/wp-json\/wp\/v2\/types\/page"}],"author":[{"embeddable":true,"href":"https:\/\/www.siilog.com\/fr\/wp-json\/wp\/v2\/users\/2"}],"replies":[{"embeddable":true,"href":"https:\/\/www.siilog.com\/fr\/wp-json\/wp\/v2\/comments?post=857"}],"version-history":[{"count":20,"href":"https:\/\/www.siilog.com\/fr\/wp-json\/wp\/v2\/pages\/857\/revisions"}],"predecessor-version":[{"id":1045,"href":"https:\/\/www.siilog.com\/fr\/wp-json\/wp\/v2\/pages\/857\/revisions\/1045"}],"wp:featuredmedia":[{"embeddable":true,"href":"https:\/\/www.siilog.com\/fr\/wp-json\/wp\/v2\/media\/1005"}],"wp:attachment":[{"href":"https:\/\/www.siilog.com\/fr\/wp-json\/wp\/v2\/media?parent=857"}],"curies":[{"name":"wp","href":"https:\/\/api.w.org\/{rel}","templated":true}]}}