{"id":855,"date":"2024-03-25T13:06:49","date_gmt":"2024-03-25T13:06:49","guid":{"rendered":"https:\/\/www.siilog.com\/?page_id=855"},"modified":"2024-04-02T17:46:58","modified_gmt":"2024-04-02T17:46:58","slug":"itechmold-precision","status":"publish","type":"page","link":"https:\/\/www.siilog.com\/fr\/itechmold-precision\/","title":{"rendered":"iTechmold Precision"},"content":{"rendered":"<div class=\"wp-block-columns are-vertically-aligned-top is-layout-flex wp-container-core-columns-layout-1 wp-block-columns-is-layout-flex\">\n<div class=\"wp-block-column is-vertically-aligned-top is-layout-flow wp-block-column-is-layout-flow\">\n<figure class=\"wp-block-embed is-type-video is-provider-youtube wp-block-embed-youtube wp-embed-aspect-16-9 wp-has-aspect-ratio\"><div class=\"wp-block-embed__wrapper\">\n<iframe loading=\"lazy\" title=\"itechmold precision video\" width=\"500\" height=\"281\" src=\"https:\/\/www.youtube.com\/embed\/qugZqlWiahI?feature=oembed\" frameborder=\"0\" allow=\"accelerometer; autoplay; clipboard-write; encrypted-media; gyroscope; picture-in-picture; web-share\" referrerpolicy=\"strict-origin-when-cross-origin\" allowfullscreen><\/iframe>\n<\/div><\/figure>\n<\/div>\n\n\n\n<div class=\"wp-block-column is-vertically-aligned-top is-layout-flow wp-block-column-is-layout-flow\">\n<h4 class=\"wp-block-heading gmail-wp-block-heading\">Avec plus de 20 ans de know-how, de conception de qualit\u00e9 avec l'ing\u00e9nierie portugaise et europ\u00e9enne :<\/h4>\n\n\n\n<p>N\u00e9 de la fusion et de l'acquisition du savoir-faire de plus de 20 ans li\u00e9 aux secteurs industriels, perfectionnant la mod\u00e9lisation et le d\u00e9veloppement de leurs moules en 2D et 3D jusqu'\u00e0 leur exp\u00e9dition, ITHECMOLD PRECISION \u00e9tablit un engagement de suivi judicieux de ses clients tout au long du processus de d\u00e9veloppement.<br><br>Suivi constant des ajustements de conception et de suivi pendant le processus de fabrication de tous nos moules, en minimisant les co\u00fbts, en fournissant des solutions plus rentables, plus viables et robustes en termes d'op\u00e9rabilit\u00e9 et de maintenance.<br><br>Pour ce processus de fabrication, une \u00e9quipe hautement professionnelle poss\u00e9dant les derni\u00e8res comp\u00e9tences techniques est n\u00e9cessaire.<br><br>Gr\u00e2ce \u00e0 son savoir-faire et \u00e0 sa recherche continue de producteur de moules avec :<\/p>\n<\/div>\n<\/div>\n\n\n\n<div class=\"wp-block-spacer\" style=\"height: 100px;\" aria-hidden=\"true\">\u00a0<\/div>\n\n\n\n<div class=\"wp-block-columns are-vertically-aligned-center is-layout-flex wp-container-core-columns-layout-2 wp-block-columns-is-layout-flex\">\n<div class=\"wp-block-column is-vertically-aligned-center is-layout-flow wp-block-column-is-layout-flow\">\n<p>L'ex\u00e9cution du moulage par injection plastique est un processus de fabrication qui n\u00e9cessite l'utilisation de tous les grains, compact\u00e9s et inject\u00e9s avec la mati\u00e8re plastique (polyamides, polym\u00e8res et thermoplastiques).<br>Combien de mati\u00e8re plastique est fondue et une r\u00e9sine chaude est obtenue, elle est inject\u00e9e par pression dans la cavit\u00e9 du moule, jusqu'\u00e0 ce que toute la surface soit uniforme et remplie.<br>Dans le processus de solidification, au moyen de pivots \u00e9jecteurs, la partie du moule est extraite et introduite dans un r\u00e9cipient.<br>Au cours du processus de fabrication, l'\u00e9quipement contr\u00f4lera la pression de remplissage, anticipant d'\u00e9ventuels probl\u00e8mes esth\u00e9tiques et v\u00e9rifiant la qualit\u00e9 des pi\u00e8ces en temps r\u00e9el.<br>&nbsp;<br>La conception de fabrication des moules d'injection sont des pi\u00e8ces qui doivent \u00eatre de haute qualit\u00e9 et fabriqu\u00e9es avec la plus haute pr\u00e9cision et robustesse une fois qu'elles sont soumises \u00e0 un taux de rotation \u00e9lev\u00e9 pour la fabrication de pi\u00e8ces ;<\/p>\n<\/div>\n\n\n\n<div class=\"wp-block-column is-vertically-aligned-center is-layout-flow wp-block-column-is-layout-flow\">\n<figure class=\"wp-block-image size-full\"><img loading=\"lazy\" decoding=\"async\" width=\"570\" height=\"470\" src=\"http:\/\/www.siilog.com\/wp-content\/uploads\/2024\/03\/shutterstock_1653631864-2-1.webp\" alt=\"\" class=\"wp-image-863\"\/><\/figure>\n<\/div>\n<\/div>\n\n\n\n<div class=\"wp-block-spacer\" style=\"height: 100px;\" aria-hidden=\"true\">\u00a0<\/div>\n\n\n\n<h3 class=\"wp-block-heading has-text-align-center\">L'engagement qui nous permet d'\u00eatre stables ensemble nos clients refl\u00e8te notre concept, la fabrication de moules et de produits inject\u00e9s en plastique avec une garantie de satisfaction client<\/h3>\n\n\n\n<div class=\"wp-block-spacer\" style=\"height: 100px;\" aria-hidden=\"true\">\u00a0<\/div>\n\n\n\n<div class=\"wp-block-buttons is-content-justification-center is-layout-flex wp-container-core-buttons-layout-1 wp-block-buttons-is-layout-flex\">\n<div class=\"wp-block-button has-custom-font-size has-medium-font-size\"><a class=\"wp-block-button__link has-white-color has-text-color has-background has-link-color has-text-align-center wp-element-button\" href=\"mailto:itechmold@siilog.com\" style=\"border-radius:8px;background-color:#a10330\">Fale conosco<\/a><\/div>\n<\/div>\n\n\n\n<div class=\"wp-block-spacer\" style=\"height: 100px;\" aria-hidden=\"true\">\u00a0<\/div>","protected":false},"excerpt":{"rendered":"Com mais de 20 anos de know-how, conce\u00e7\u00e3o de qualidade com engenharia portuguesa e europeia: Nasce da fus\u00e3o e aquisi\u00e7\u00e3o do know-how de mais de 20 Anos ligado aos sectores industriais aperfei\u00e7oando na modela\u00e7\u00e3o e desenvolvimento dos seus moldes em 2D e 3D at\u00e9 \u00e0 expedi\u00e7\u00e3o dos mesmos, a ITHECMOLD PRECISION estabelece um compromisso de&#8230;  <a class=\"excerpt-read-more\" href=\"https:\/\/www.siilog.com\/fr\/itechmold-precision\/\" title=\"ReadiTechmold Precision\">Read more &raquo;<\/a>","protected":false},"author":2,"featured_media":0,"parent":0,"menu_order":0,"comment_status":"closed","ping_status":"closed","template":"page-full-width.php","meta":{"footnotes":""},"_links":{"self":[{"href":"https:\/\/www.siilog.com\/fr\/wp-json\/wp\/v2\/pages\/855"}],"collection":[{"href":"https:\/\/www.siilog.com\/fr\/wp-json\/wp\/v2\/pages"}],"about":[{"href":"https:\/\/www.siilog.com\/fr\/wp-json\/wp\/v2\/types\/page"}],"author":[{"embeddable":true,"href":"https:\/\/www.siilog.com\/fr\/wp-json\/wp\/v2\/users\/2"}],"replies":[{"embeddable":true,"href":"https:\/\/www.siilog.com\/fr\/wp-json\/wp\/v2\/comments?post=855"}],"version-history":[{"count":15,"href":"https:\/\/www.siilog.com\/fr\/wp-json\/wp\/v2\/pages\/855\/revisions"}],"predecessor-version":[{"id":1044,"href":"https:\/\/www.siilog.com\/fr\/wp-json\/wp\/v2\/pages\/855\/revisions\/1044"}],"wp:attachment":[{"href":"https:\/\/www.siilog.com\/fr\/wp-json\/wp\/v2\/media?parent=855"}],"curies":[{"name":"wp","href":"https:\/\/api.w.org\/{rel}","templated":true}]}}