{"id":853,"date":"2024-03-25T13:06:24","date_gmt":"2024-03-25T13:06:24","guid":{"rendered":"https:\/\/www.siilog.com\/?page_id=853"},"modified":"2024-04-02T17:46:27","modified_gmt":"2024-04-02T17:46:27","slug":"automation-software","status":"publish","type":"page","link":"https:\/\/www.siilog.com\/fr\/automation-software\/","title":{"rendered":"Automation &#038; Software"},"content":{"rendered":"<div class=\"wp-block-columns is-layout-flex wp-container-core-columns-layout-1 wp-block-columns-is-layout-flex\">\n<div class=\"wp-block-column is-layout-flow wp-block-column-is-layout-flow\">\n<figure class=\"wp-block-embed is-type-video is-provider-youtube wp-block-embed-youtube wp-embed-aspect-16-9 wp-has-aspect-ratio\"><div class=\"wp-block-embed__wrapper\">\n<iframe loading=\"lazy\" title=\"automation software video\" width=\"500\" height=\"281\" src=\"https:\/\/www.youtube.com\/embed\/1ZYElxAXMyg?feature=oembed\" frameborder=\"0\" allow=\"accelerometer; autoplay; clipboard-write; encrypted-media; gyroscope; picture-in-picture; web-share\" referrerpolicy=\"strict-origin-when-cross-origin\" allowfullscreen><\/iframe>\n<\/div><\/figure>\n<\/div>\n\n\n\n<div class=\"wp-block-column is-layout-flow wp-block-column-is-layout-flow\">\n<h4 class=\"wp-block-heading\">Avec plus de 35 ans de know-how, et une dynamique mondiale avec l'ing\u00e9nierie portugaise et europ\u00e9enne :<\/h4>\n\n\n\n<p>Nous mettons \u00e0 votre disposition votre logiciel de gestion de nos syst\u00e8mes intralogistiques et de nos entrep\u00f4ts destin\u00e9s aux petites, moyennes et grandes entreprises pour les secteurs d'activit\u00e9 les plus divers.<\/p>\n\n\n\n<p>L'objectif principal est de contr\u00f4ler, de coordonner et de g\u00e9rer tous les processus de la cha\u00eene de valeur qui ont lieu dans un entrep\u00f4t.<\/p>\n\n\n\n<p>Les diff\u00e9rents niveaux de fonctionnalit\u00e9 du logiciel SIILOG vous permettent de s'adapter \u00e0 vos besoins concrets de chaque installation en fonction du degr\u00e9 de complexit\u00e9 et d'automatisation de l'entrep\u00f4t, ce qui permet d'adapter facilement l'optimisation \u00e0 la croissance d'une entreprise ou \u00e0 de nouveaux processus et volumes.<\/p>\n\n\n\n<p>&nbsp;<\/p>\n<\/div>\n<\/div>\n\n\n\n<div class=\"wp-block-spacer\" style=\"height: 100px;\" aria-hidden=\"true\">\u00a0<\/div>\n\n\n\n<div class=\"wp-block-columns is-layout-flex wp-container-core-columns-layout-2 wp-block-columns-is-layout-flex\">\n<div class=\"wp-block-column is-layout-flow wp-block-column-is-layout-flow\">\n<h4 class=\"wp-block-heading\">Vantagens<\/h4>\n\n\n\n<ul>\n<li>Augmentation de la productivit\u00e9 logistique et r\u00e9duction du nombre d'op\u00e9rations.<\/li>\n\n\n\n<li>Contr\u00f4le total des emplacements.<\/li>\n\n\n\n<li>Contr\u00f4le en temps r\u00e9el des demandes.<\/li>\n\n\n\n<li>Contr\u00f4le de la productivit\u00e9 des ouvriers.<\/li>\n\n\n\n<li>\u00c9limination des erreurs dans les exp\u00e9ditions.<\/li>\n\n\n\n<li>Augmentation de la rapidit\u00e9 de pr\u00e9paration et de l'exp\u00e9dition des commandes.<\/li>\n\n\n\n<li>Am\u00e9lioration du respect des d\u00e9lais de livraison des commandes.<\/li>\n\n\n\n<li>R\u00e9duction du temps sur d'innombrables emplois dans la cha\u00eene d'approvisionnement<\/li>\n\n\n\n<li>Meilleure utilisation des ressources physiques et humaines.<\/li>\n\n\n\n<li>R\u00e9duction drastique des co\u00fbts li\u00e9s aux dates d'expiration ou \u00e0 la perte inconnue.<\/li>\n<\/ul>\n<\/div>\n\n\n\n<div class=\"wp-block-column is-layout-flow wp-block-column-is-layout-flow\">\n<figure class=\"wp-block-image size-full\"><img loading=\"lazy\" decoding=\"async\" width=\"570\" height=\"470\" src=\"http:\/\/www.siilog.com\/wp-content\/uploads\/2024\/03\/shutterstock_1653631864-2.webp\" alt=\"\" class=\"wp-image-867\"\/><\/figure>\n<\/div>\n<\/div>\n\n\n\n<div class=\"wp-block-buttons is-content-justification-center is-layout-flex wp-container-core-buttons-layout-1 wp-block-buttons-is-layout-flex\">\n<div class=\"wp-block-button has-custom-font-size has-medium-font-size\"><a class=\"wp-block-button__link has-white-color has-text-color has-background has-link-color has-text-align-center wp-element-button\" href=\"mailto:automation.software@siilog.com\" style=\"border-radius:8px;background-color:#a10330\">Fale conosco<\/a><\/div>\n<\/div>","protected":false},"excerpt":{"rendered":"Com mais de 35 anos de know-how, e din\u00e2mica global com engenharia portuguesa e europeia: Colocamos a sua disposi\u00e7\u00e3o o seu software de gest\u00e3o dos nossos sistemas intralogisticos e armaz\u00e9ns dirigido a pequenas, m\u00e9dias, grandes empresas para os mais diversos sectores de actividade. Tem como principal objectivo controlar, coordenar e gerir todos os processos de&#8230;  <a class=\"excerpt-read-more\" href=\"https:\/\/www.siilog.com\/fr\/automation-software\/\" title=\"ReadAutomation &#038; Software\">Read more &raquo;<\/a>","protected":false},"author":2,"featured_media":0,"parent":0,"menu_order":0,"comment_status":"closed","ping_status":"closed","template":"page-full-width.php","meta":{"footnotes":""},"_links":{"self":[{"href":"https:\/\/www.siilog.com\/fr\/wp-json\/wp\/v2\/pages\/853"}],"collection":[{"href":"https:\/\/www.siilog.com\/fr\/wp-json\/wp\/v2\/pages"}],"about":[{"href":"https:\/\/www.siilog.com\/fr\/wp-json\/wp\/v2\/types\/page"}],"author":[{"embeddable":true,"href":"https:\/\/www.siilog.com\/fr\/wp-json\/wp\/v2\/users\/2"}],"replies":[{"embeddable":true,"href":"https:\/\/www.siilog.com\/fr\/wp-json\/wp\/v2\/comments?post=853"}],"version-history":[{"count":37,"href":"https:\/\/www.siilog.com\/fr\/wp-json\/wp\/v2\/pages\/853\/revisions"}],"predecessor-version":[{"id":1042,"href":"https:\/\/www.siilog.com\/fr\/wp-json\/wp\/v2\/pages\/853\/revisions\/1042"}],"wp:attachment":[{"href":"https:\/\/www.siilog.com\/fr\/wp-json\/wp\/v2\/media?parent=853"}],"curies":[{"name":"wp","href":"https:\/\/api.w.org\/{rel}","templated":true}]}}