{"id":8,"date":"2016-02-03T16:53:29","date_gmt":"2016-02-03T16:53:29","guid":{"rendered":"http:\/\/www.siilog.com\/?page_id=8"},"modified":"2019-05-07T14:47:12","modified_gmt":"2019-05-07T14:47:12","slug":"homepage","status":"publish","type":"page","link":"https:\/\/www.siilog.com\/fr\/homepage\/","title":{"rendered":"\u00c0 propos de nous"},"content":{"rendered":"<p>En tant que science de la gestion et de l\u2019organisation des activit\u00e9s techniques, la logistique industrielle est, sans le moindre doute, un domaine qui a de l\u2019avenir dans les entreprises.<\/p>\n<p>Notre entreprise est sp\u00e9cialis\u00e9e dans l\u2019application des technologies pluridisciplinaires les plus avanc\u00e9es, pour assurer l\u2019\u00e9laboration totale d\u2019un projet global, d\u00e8s l\u2019\u00e9tude du flux de mat\u00e9riaux jusqu\u2019au d\u00e9veloppement et \u00e9laboration de projets m\u00e9caniques et \u00e9lectriques, d\u2019automation et de logiciels pour \u00e9quipements industriels.<\/p>\n<p>Nous nous encadrons dans le tissu entrepreneurial en tant qu\u2019entreprise qui produit des solutions et des biens d\u2019\u00e9quipement de moyenne et haute technologie d\u2019un potentiel \u00e9lev\u00e9, li\u00e9e \u00e0 l\u2019investigation et au d\u00e9veloppement dans les diff\u00e9rents secteurs de l\u2019\u00e9conomie.<\/p>\n<p>Notre capacit\u00e9 de production a pour base la fabrication strat\u00e9gique de composantes m\u00e9caniques sp\u00e9cifiques, l\u2019ex\u00e9cution globale de tous les tableaux de commande et de puissance pour les plus divers \u00e9quipements, l\u2019am\u00e9nagement de laboratoires d\u2019\u00e9laboration de logiciels informatiques pour le contr\u00f4le et la supervision de processus, aussi bien de pr\u00e9-montage comme de montage global en espace large sp\u00e9cifiquement appropri\u00e9, et l\u2019installation chez le client, conjugu\u00e9e \u00e0 notre service apr\u00e8s-vente.<\/p>\n<div class=\"videoWrapper\">\n<iframe loading=\"lazy\" width=\"560\" height=\"315\" src=\"https:\/\/www.youtube-nocookie.com\/embed\/mHE1-LHJskM\" frameborder=\"0\" allow=\"accelerometer; autoplay; encrypted-media; gyroscope; picture-in-picture\" allowfullscreen><\/iframe>\n<\/div>\n<p><\/p>","protected":false},"excerpt":{"rendered":"En tant que science de la gestion et de l\u2019organisation des activit\u00e9s techniques, la logistique industrielle est, sans le moindre doute, un domaine qui a de l\u2019avenir dans les entreprises. Notre entreprise est sp\u00e9cialis\u00e9e dans l\u2019application des technologies pluridisciplinaires les plus avanc\u00e9es, pour assurer l\u2019\u00e9laboration totale d\u2019un projet global, d\u00e8s l\u2019\u00e9tude du flux de mat\u00e9riaux&#8230;  <a class=\"excerpt-read-more\" href=\"https:\/\/www.siilog.com\/fr\/homepage\/\" title=\"Read\u00c0 propos de nous\">Read more &raquo;<\/a>","protected":false},"author":1,"featured_media":0,"parent":0,"menu_order":0,"comment_status":"closed","ping_status":"closed","template":"page-full-width.php","meta":{"footnotes":""},"_links":{"self":[{"href":"https:\/\/www.siilog.com\/fr\/wp-json\/wp\/v2\/pages\/8"}],"collection":[{"href":"https:\/\/www.siilog.com\/fr\/wp-json\/wp\/v2\/pages"}],"about":[{"href":"https:\/\/www.siilog.com\/fr\/wp-json\/wp\/v2\/types\/page"}],"author":[{"embeddable":true,"href":"https:\/\/www.siilog.com\/fr\/wp-json\/wp\/v2\/users\/1"}],"replies":[{"embeddable":true,"href":"https:\/\/www.siilog.com\/fr\/wp-json\/wp\/v2\/comments?post=8"}],"version-history":[{"count":18,"href":"https:\/\/www.siilog.com\/fr\/wp-json\/wp\/v2\/pages\/8\/revisions"}],"predecessor-version":[{"id":793,"href":"https:\/\/www.siilog.com\/fr\/wp-json\/wp\/v2\/pages\/8\/revisions\/793"}],"wp:attachment":[{"href":"https:\/\/www.siilog.com\/fr\/wp-json\/wp\/v2\/media?parent=8"}],"curies":[{"name":"wp","href":"https:\/\/api.w.org\/{rel}","templated":true}]}}