{"id":765,"date":"2018-10-17T15:07:46","date_gmt":"2018-10-17T15:07:46","guid":{"rendered":"http:\/\/www.siilog.com\/?page_id=765"},"modified":"2018-12-10T09:30:53","modified_gmt":"2018-12-10T09:30:53","slug":"politica-de-qualidade","status":"publish","type":"page","link":"https:\/\/www.siilog.com\/fr\/politica-de-qualidade\/","title":{"rendered":"Politique de Qualit\u00e9"},"content":{"rendered":"<p><\/p>\n<p style=\"font-weight: 400;\">La soci\u00e9t\u00e9 SIILOG traduit avec succ\u00e8s cette politique de qualit\u00e9 en tant que ses principaux locaux:<\/p>\n<ul>\n<li style=\"font-weight: 400;\">Faites du client notre objectif principal.<\/li>\n<li style=\"font-weight: 400;\">Am\u00e9liorer continuellement la qualit\u00e9 de nos produits et services, en recherchant des relations commerciales stables et durables.<\/li>\n<li style=\"font-weight: 400;\">Concevoir des produits et des services qui r\u00e9pondent pleinement aux besoins de nos clients, respectent les exigences l\u00e9gales associ\u00e9es et d\u00e9passent leurs attentes.<\/li>\n<li style=\"font-weight: 400;\">Cr\u00e9er de nouvelles solutions, r\u00e9pondant aux besoins du march\u00e9, innovant et se d\u00e9marquant de la concurrence.<\/li>\n<li style=\"font-weight: 400;\">Promouvoir la culture bas\u00e9e sur des actions pour corriger les causes des erreurs d\u00e9tect\u00e9es dans le but ultime de toujours bien faire les premiers.<\/li>\n<\/ul>\n<p style=\"font-weight: 400;\">SIILOG &#8211; solutions intralogistiques<\/p>\n<p><\/p>","protected":false},"excerpt":{"rendered":"La soci\u00e9t\u00e9 SIILOG traduit avec succ\u00e8s cette politique de qualit\u00e9 en tant que ses principaux locaux: Faites du client notre objectif principal. Am\u00e9liorer continuellement la qualit\u00e9 de nos produits et services, en recherchant des relations commerciales stables et durables. Concevoir des produits et des services qui r\u00e9pondent pleinement aux besoins de nos clients, respectent les&#8230;  <a class=\"excerpt-read-more\" href=\"https:\/\/www.siilog.com\/fr\/politica-de-qualidade\/\" title=\"ReadPolitique de Qualit\u00e9\">Read more &raquo;<\/a>","protected":false},"author":1,"featured_media":0,"parent":0,"menu_order":0,"comment_status":"closed","ping_status":"closed","template":"","meta":{"footnotes":""},"_links":{"self":[{"href":"https:\/\/www.siilog.com\/fr\/wp-json\/wp\/v2\/pages\/765"}],"collection":[{"href":"https:\/\/www.siilog.com\/fr\/wp-json\/wp\/v2\/pages"}],"about":[{"href":"https:\/\/www.siilog.com\/fr\/wp-json\/wp\/v2\/types\/page"}],"author":[{"embeddable":true,"href":"https:\/\/www.siilog.com\/fr\/wp-json\/wp\/v2\/users\/1"}],"replies":[{"embeddable":true,"href":"https:\/\/www.siilog.com\/fr\/wp-json\/wp\/v2\/comments?post=765"}],"version-history":[{"count":4,"href":"https:\/\/www.siilog.com\/fr\/wp-json\/wp\/v2\/pages\/765\/revisions"}],"predecessor-version":[{"id":770,"href":"https:\/\/www.siilog.com\/fr\/wp-json\/wp\/v2\/pages\/765\/revisions\/770"}],"wp:attachment":[{"href":"https:\/\/www.siilog.com\/fr\/wp-json\/wp\/v2\/media?parent=765"}],"curies":[{"name":"wp","href":"https:\/\/api.w.org\/{rel}","templated":true}]}}