{"id":7,"date":"2016-02-03T16:51:26","date_gmt":"2016-02-03T16:51:26","guid":{"rendered":"http:\/\/www.siilog.com\/?page_id=6"},"modified":"2024-04-01T10:45:56","modified_gmt":"2024-04-01T10:45:56","slug":"empresa","status":"publish","type":"page","link":"https:\/\/www.siilog.com\/fr\/empresa\/","title":{"rendered":"Enterprise"},"content":{"rendered":"<p>Notre entreprise est sp\u00e9cialis\u00e9e dans l\u2019application des technologies pluridisciplinaires les plus avanc\u00e9es, pour assurer l\u2019\u00e9laboration totale d\u2019un projet global, d\u00e8s l\u2019\u00e9tude du flux de mat\u00e9riaux jusqu\u2019au d\u00e9veloppement et \u00e9laboration de projets m\u00e9caniques et \u00e9lectriques, d\u2019automation et de logiciels pour \u00e9quipements industriels.<\/p>\n<p>Nous nous encadrons dans le tissu entrepreneurial en tant qu\u2019entreprise qui produit des solutions et des biens d\u2019\u00e9quipement de moyenne et haute technologie d\u2019un potentiel \u00e9lev\u00e9, li\u00e9e \u00e0 l\u2019investigation et au d\u00e9veloppement dans les diff\u00e9rents secteurs de l\u2019\u00e9conomie.<\/p>\n<p>Notre capacit\u00e9 de production a pour base la fabrication strat\u00e9gique de composantes m\u00e9caniques sp\u00e9cifiques, l\u2019ex\u00e9cution globale de tous les tableaux de commande et de puissance pour les plus divers \u00e9quipements, l\u2019am\u00e9nagement de laboratoires d\u2019\u00e9laboration de logiciels informatiques pour le contr\u00f4le et la supervision de processus, aussi bien de pr\u00e9-montage comme de montage global en espace large sp\u00e9cifiquement appropri\u00e9, et l\u2019installation chez le client, conjugu\u00e9e \u00e0 notre service apr\u00e8s-vente.<\/p>\n<p>Pour cela, nous assurons d\u00e8s lors une parfaite harmonisation des techniques d\u2019automation \u00e0 travers l\u2019utilisation de concepts de m\u00e9canique de pr\u00e9cision, hydraulique, pneumatique, \u00e9lectrique, d\u2019automation et de programmation.<\/p>\n<p>Nous b\u00e9n\u00e9ficions d\u2019une large exp\u00e9rience acquise gr\u00e2ce \u00e0 la r\u00e9alisation des plus grands projets de syst\u00e8mes de transport et de manipulation de produits dans tout le pays, \u00e0 la cr\u00e9ation de contrats de maintenance, au montage d\u2019\u00e9quipements industriels et \u00e0 la cr\u00e9ation de syst\u00e8mes logistiques et d\u2019\u00e9quipements sp\u00e9ciaux dans les plus divers secteurs d\u2019activit\u00e9.<\/p>\n<p>L\u2019image de SIILOG est celle d\u2019une entreprise cr\u00e9atrice de valeur ajout\u00e9e pour nos clients, \u00e0 travers l\u2019implantation de solutions de productivit\u00e9 adapt\u00e9es \u00e0 leurs n\u00e9cessit\u00e9s logistiques sp\u00e9cifiques, notre principal objectif \u00e9tant de d\u00e9velopper des comp\u00e9tences dans l\u2019\u00e9laboration et la r\u00e9alisation d\u2019une id\u00e9e ou m\u00eame d\u2019un \u00e9quipement complexe du concept, outils en main.<br \/>\n<\/p>\n<p><iframe loading=\"lazy\" title=\"Siilog\" width=\"500\" height=\"281\" src=\"https:\/\/www.youtube.com\/embed\/1jYxzqZnLHk?feature=oembed\" frameborder=\"0\" allow=\"accelerometer; autoplay; clipboard-write; encrypted-media; gyroscope; picture-in-picture; web-share\" referrerpolicy=\"strict-origin-when-cross-origin\" allowfullscreen><\/iframe><\/p>","protected":false},"excerpt":{"rendered":"Notre entreprise est sp\u00e9cialis\u00e9e dans l\u2019application des technologies pluridisciplinaires les plus avanc\u00e9es, pour assurer l\u2019\u00e9laboration totale d\u2019un projet global, d\u00e8s l\u2019\u00e9tude du flux de mat\u00e9riaux jusqu\u2019au d\u00e9veloppement et \u00e9laboration de projets m\u00e9caniques et \u00e9lectriques, d\u2019automation et de logiciels pour \u00e9quipements industriels. Nous nous encadrons dans le tissu entrepreneurial en tant qu\u2019entreprise qui produit des solutions&#8230;  <a class=\"excerpt-read-more\" href=\"https:\/\/www.siilog.com\/fr\/empresa\/\" title=\"ReadEnterprise\">Read more &raquo;<\/a>","protected":false},"author":1,"featured_media":0,"parent":0,"menu_order":0,"comment_status":"closed","ping_status":"closed","template":"","meta":{"footnotes":""},"_links":{"self":[{"href":"https:\/\/www.siilog.com\/fr\/wp-json\/wp\/v2\/pages\/7"}],"collection":[{"href":"https:\/\/www.siilog.com\/fr\/wp-json\/wp\/v2\/pages"}],"about":[{"href":"https:\/\/www.siilog.com\/fr\/wp-json\/wp\/v2\/types\/page"}],"author":[{"embeddable":true,"href":"https:\/\/www.siilog.com\/fr\/wp-json\/wp\/v2\/users\/1"}],"replies":[{"embeddable":true,"href":"https:\/\/www.siilog.com\/fr\/wp-json\/wp\/v2\/comments?post=7"}],"version-history":[{"count":16,"href":"https:\/\/www.siilog.com\/fr\/wp-json\/wp\/v2\/pages\/7\/revisions"}],"predecessor-version":[{"id":1020,"href":"https:\/\/www.siilog.com\/fr\/wp-json\/wp\/v2\/pages\/7\/revisions\/1020"}],"wp:attachment":[{"href":"https:\/\/www.siilog.com\/fr\/wp-json\/wp\/v2\/media?parent=7"}],"curies":[{"name":"wp","href":"https:\/\/api.w.org\/{rel}","templated":true}]}}