{"id":60,"date":"2016-02-04T11:18:08","date_gmt":"2016-02-04T11:18:08","guid":{"rendered":"http:\/\/www.siilog.com\/?page_id=60"},"modified":"2016-06-20T14:18:57","modified_gmt":"2016-06-20T14:18:57","slug":"politica-de-privacidade","status":"publish","type":"page","link":"https:\/\/www.siilog.com\/fr\/politica-de-privacidade\/","title":{"rendered":"Politique de la vie priv\u00e9e"},"content":{"rendered":"<p>Les donn\u00e9es utilis\u00e9es dans ce site sont la propri\u00e9t\u00e9 de SIILOG dont le but est la visibilit\u00e9 .<\/p>\n<p>SIILOG est une marque d\u00e9pos\u00e9e dans la communaut\u00e9 europ\u00e9enne et d&#8217;autres pays dans le monde entier .<\/p>\n<p>Vous pouvez exercer librement leurs droits d&#8217;acc\u00e8s, de rectification, annulation et opposition \u00e0 direc\u00e7\u00e3o.juridica@siilog.com .<\/p>\n<p>Le client autorise l&#8217;utilisation de vos donn\u00e9es comme d\u00e9crit , y compris la communication possible de celui-ci aux entreprises SIILOG Groupe , d\u00e9di\u00e9es \u00e0 l&#8217;ing\u00e9nierie et de la construction , dont les noms et les adresses figurent sur \u200b\u200bnotre site Web ( www.siilog.com ) .<\/p>\n<p>Ce site et ses pi\u00e8ces jointes peuvent contenir des informations confidentielles . Le droit europ\u00e9en prot\u00e8ge la confidentialit\u00e9 des communications .<br \/>\nToute transmission et \/ ou la distribution de la m\u00eame et l&#8217;information , et son utilisation peuvent \u00eatre punis.<\/p>","protected":false},"excerpt":{"rendered":"Les donn\u00e9es utilis\u00e9es dans ce site sont la propri\u00e9t\u00e9 de SIILOG dont le but est la visibilit\u00e9 . SIILOG est une marque d\u00e9pos\u00e9e dans la communaut\u00e9 europ\u00e9enne et d&#8217;autres pays dans le monde entier . Vous pouvez exercer librement leurs droits d&#8217;acc\u00e8s, de rectification, annulation et opposition \u00e0 direc\u00e7\u00e3o.juridica@siilog.com . Le client autorise l&#8217;utilisation de&#8230;  <a class=\"excerpt-read-more\" href=\"https:\/\/www.siilog.com\/fr\/politica-de-privacidade\/\" title=\"ReadPolitique de la vie priv\u00e9e\">Read more &raquo;<\/a>","protected":false},"author":1,"featured_media":0,"parent":0,"menu_order":0,"comment_status":"closed","ping_status":"closed","template":"page-full-width.php","meta":{"footnotes":""},"_links":{"self":[{"href":"https:\/\/www.siilog.com\/fr\/wp-json\/wp\/v2\/pages\/60"}],"collection":[{"href":"https:\/\/www.siilog.com\/fr\/wp-json\/wp\/v2\/pages"}],"about":[{"href":"https:\/\/www.siilog.com\/fr\/wp-json\/wp\/v2\/types\/page"}],"author":[{"embeddable":true,"href":"https:\/\/www.siilog.com\/fr\/wp-json\/wp\/v2\/users\/1"}],"replies":[{"embeddable":true,"href":"https:\/\/www.siilog.com\/fr\/wp-json\/wp\/v2\/comments?post=60"}],"version-history":[{"count":6,"href":"https:\/\/www.siilog.com\/fr\/wp-json\/wp\/v2\/pages\/60\/revisions"}],"predecessor-version":[{"id":654,"href":"https:\/\/www.siilog.com\/fr\/wp-json\/wp\/v2\/pages\/60\/revisions\/654"}],"wp:attachment":[{"href":"https:\/\/www.siilog.com\/fr\/wp-json\/wp\/v2\/media?parent=60"}],"curies":[{"name":"wp","href":"https:\/\/api.w.org\/{rel}","templated":true}]}}