{"id":58,"date":"2016-02-04T11:16:56","date_gmt":"2016-02-04T11:16:56","guid":{"rendered":"http:\/\/www.siilog.com\/?page_id=58"},"modified":"2016-06-20T14:22:32","modified_gmt":"2016-06-20T14:22:32","slug":"termos-de-utilizacao","status":"publish","type":"page","link":"https:\/\/www.siilog.com\/fr\/termos-de-utilizacao\/","title":{"rendered":"Conditions d&#8217;utilisation"},"content":{"rendered":"<p>Les donn\u00e9es utilis\u00e9es dans ce site sont la propri\u00e9t\u00e9 de SIILOG dont le but est la visibilit\u00e9.<\/p>\n<p>Cette plate-forme est con\u00e7ue pour fournir un appui au d\u00e9partement marketing SIILOG Corporate Group \/\/ Corporate Group.<\/p>\n<p>Comme ces donn\u00e9es explicites sur cette plate-forme sont la diffusion universelle de SIILOG :<br \/>\n&#8211; Pr\u00e9sentation Soci\u00e9t\u00e9;<br \/>\n&#8211; Nouvelles li\u00e9es \u00e0 la soci\u00e9t\u00e9 ;<br \/>\n&#8211; Secteurs d&#8217;activit\u00e9 ;<br \/>\n&#8211; Produits \/ Services ;<\/p>\n<p>Toute question concernant cette plate-forme s&#8217;il vous pla\u00eet contacter:<br \/>\nGroupe D\u00e9partement Corporate Marketing SIILOG \/\/ par &#8221; communications (at) siilog.com &#8221;<\/p>\n<p><img loading=\"lazy\" decoding=\"async\" src=\"http:\/\/www.siilog.com\/wp-content\/uploads\/2016\/02\/siilog_informacao_consumidor.jpg\" alt=\"siilog_informacao_consumidor\" width=\"650\" height=\"355\" class=\"alignnone size-full wp-image-626\" \/><\/p>","protected":false},"excerpt":{"rendered":"Les donn\u00e9es utilis\u00e9es dans ce site sont la propri\u00e9t\u00e9 de SIILOG dont le but est la visibilit\u00e9. Cette plate-forme est con\u00e7ue pour fournir un appui au d\u00e9partement marketing SIILOG Corporate Group \/\/ Corporate Group. Comme ces donn\u00e9es explicites sur cette plate-forme sont la diffusion universelle de SIILOG : &#8211; Pr\u00e9sentation Soci\u00e9t\u00e9; &#8211; Nouvelles li\u00e9es \u00e0&#8230;  <a class=\"excerpt-read-more\" href=\"https:\/\/www.siilog.com\/fr\/termos-de-utilizacao\/\" title=\"ReadConditions d&#8217;utilisation\">Read more &raquo;<\/a>","protected":false},"author":1,"featured_media":0,"parent":0,"menu_order":0,"comment_status":"closed","ping_status":"closed","template":"page-full-width.php","meta":{"footnotes":""},"_links":{"self":[{"href":"https:\/\/www.siilog.com\/fr\/wp-json\/wp\/v2\/pages\/58"}],"collection":[{"href":"https:\/\/www.siilog.com\/fr\/wp-json\/wp\/v2\/pages"}],"about":[{"href":"https:\/\/www.siilog.com\/fr\/wp-json\/wp\/v2\/types\/page"}],"author":[{"embeddable":true,"href":"https:\/\/www.siilog.com\/fr\/wp-json\/wp\/v2\/users\/1"}],"replies":[{"embeddable":true,"href":"https:\/\/www.siilog.com\/fr\/wp-json\/wp\/v2\/comments?post=58"}],"version-history":[{"count":5,"href":"https:\/\/www.siilog.com\/fr\/wp-json\/wp\/v2\/pages\/58\/revisions"}],"predecessor-version":[{"id":655,"href":"https:\/\/www.siilog.com\/fr\/wp-json\/wp\/v2\/pages\/58\/revisions\/655"}],"wp:attachment":[{"href":"https:\/\/www.siilog.com\/fr\/wp-json\/wp\/v2\/media?parent=58"}],"curies":[{"name":"wp","href":"https:\/\/api.w.org\/{rel}","templated":true}]}}