{"id":46,"date":"2016-02-03T18:18:18","date_gmt":"2016-02-03T18:18:18","guid":{"rendered":"http:\/\/www.siilog.com\/?page_id=46"},"modified":"2016-02-29T19:02:56","modified_gmt":"2016-02-29T19:02:56","slug":"missao-e-valores","status":"publish","type":"page","link":"https:\/\/www.siilog.com\/fr\/empresa\/missao-e-valores\/","title":{"rendered":"Valeurs et Mission"},"content":{"rendered":"<p><\/p>\n<h4>Mission<\/h4>\n<p>Primer sur la qualit\u00e9, \u00e9tablir des synergies avec nos collaborateurs, clients et fournisseurs, nous distinguer dans le march\u00e9 \u00e0 travers notre savoir-faire, ainsi que le dynamisme de nos ressources humaines et l\u2019excellence de nos solutions.<\/p>","protected":false},"excerpt":{"rendered":"Mission Primer sur la qualit\u00e9, \u00e9tablir des synergies avec nos collaborateurs, clients et fournisseurs, nous distinguer dans le march\u00e9 \u00e0 travers notre savoir-faire, ainsi que le dynamisme de nos ressources humaines et l\u2019excellence de nos solutions.","protected":false},"author":1,"featured_media":0,"parent":7,"menu_order":0,"comment_status":"closed","ping_status":"closed","template":"","meta":{"footnotes":""},"_links":{"self":[{"href":"https:\/\/www.siilog.com\/fr\/wp-json\/wp\/v2\/pages\/46"}],"collection":[{"href":"https:\/\/www.siilog.com\/fr\/wp-json\/wp\/v2\/pages"}],"about":[{"href":"https:\/\/www.siilog.com\/fr\/wp-json\/wp\/v2\/types\/page"}],"author":[{"embeddable":true,"href":"https:\/\/www.siilog.com\/fr\/wp-json\/wp\/v2\/users\/1"}],"replies":[{"embeddable":true,"href":"https:\/\/www.siilog.com\/fr\/wp-json\/wp\/v2\/comments?post=46"}],"version-history":[{"count":9,"href":"https:\/\/www.siilog.com\/fr\/wp-json\/wp\/v2\/pages\/46\/revisions"}],"predecessor-version":[{"id":600,"href":"https:\/\/www.siilog.com\/fr\/wp-json\/wp\/v2\/pages\/46\/revisions\/600"}],"up":[{"embeddable":true,"href":"https:\/\/www.siilog.com\/fr\/wp-json\/wp\/v2\/pages\/7"}],"wp:attachment":[{"href":"https:\/\/www.siilog.com\/fr\/wp-json\/wp\/v2\/media?parent=46"}],"curies":[{"name":"wp","href":"https:\/\/api.w.org\/{rel}","templated":true}]}}