{"id":37,"date":"2016-02-03T18:02:53","date_gmt":"2016-02-03T18:02:53","guid":{"rendered":"http:\/\/www.siilog.com\/?page_id=37"},"modified":"2018-03-28T14:23:47","modified_gmt":"2018-03-28T14:23:47","slug":"siilog-service-24","status":"publish","type":"page","link":"https:\/\/www.siilog.com\/fr\/siilog-service-24\/","title":{"rendered":"Service 24 de Siilog"},"content":{"rendered":"<p>La base fondamentale de ce service est notre pr\u00e9occupation en ce qui concerne la dur\u00e9e de vie des syst\u00e8mes ou modules logistiques acquis par nos clients.<\/p>\n<p>Tous types de services appropri\u00e9s pourront \u00eatre fournis sur demande afin de garantir un maximum de retour sur l\u2019investissement effectu\u00e9, augmentant ainsi la productivit\u00e9 li\u00e9e \u00e0 des couts de maintenance r\u00e9duits.<\/p>\n<p><strong>Nous refl\u00e9tons l\u2019image qu\u2019est la n\u00f4tre au quotidien\u2026<\/strong><br \/>\n\u2028<strong>Faire du cliente une r\u00e9f\u00e9rence en mati\u00e8re de qualit\u00e9 fait partie de notre secret\u2026<\/strong><br \/>\n<\/p>","protected":false},"excerpt":{"rendered":"La base fondamentale de ce service est notre pr\u00e9occupation en ce qui concerne la dur\u00e9e de vie des syst\u00e8mes ou modules logistiques acquis par nos clients. Tous types de services appropri\u00e9s pourront \u00eatre fournis sur demande afin de garantir un maximum de retour sur l\u2019investissement effectu\u00e9, augmentant ainsi la productivit\u00e9 li\u00e9e \u00e0 des couts de&#8230;  <a class=\"excerpt-read-more\" href=\"https:\/\/www.siilog.com\/fr\/siilog-service-24\/\" title=\"ReadService 24 de Siilog\">Read more &raquo;<\/a>","protected":false},"author":1,"featured_media":0,"parent":0,"menu_order":0,"comment_status":"closed","ping_status":"closed","template":"page-full-width.php","meta":{"footnotes":""},"_links":{"self":[{"href":"https:\/\/www.siilog.com\/fr\/wp-json\/wp\/v2\/pages\/37"}],"collection":[{"href":"https:\/\/www.siilog.com\/fr\/wp-json\/wp\/v2\/pages"}],"about":[{"href":"https:\/\/www.siilog.com\/fr\/wp-json\/wp\/v2\/types\/page"}],"author":[{"embeddable":true,"href":"https:\/\/www.siilog.com\/fr\/wp-json\/wp\/v2\/users\/1"}],"replies":[{"embeddable":true,"href":"https:\/\/www.siilog.com\/fr\/wp-json\/wp\/v2\/comments?post=37"}],"version-history":[{"count":3,"href":"https:\/\/www.siilog.com\/fr\/wp-json\/wp\/v2\/pages\/37\/revisions"}],"predecessor-version":[{"id":748,"href":"https:\/\/www.siilog.com\/fr\/wp-json\/wp\/v2\/pages\/37\/revisions\/748"}],"wp:attachment":[{"href":"https:\/\/www.siilog.com\/fr\/wp-json\/wp\/v2\/media?parent=37"}],"curies":[{"name":"wp","href":"https:\/\/api.w.org\/{rel}","templated":true}]}}