{"id":294,"date":"2016-02-10T15:00:10","date_gmt":"2016-02-10T15:00:10","guid":{"rendered":"http:\/\/www.siilog.com\/?page_id=294"},"modified":"2018-09-04T08:06:36","modified_gmt":"2018-09-04T08:06:36","slug":"carreiras","status":"publish","type":"page","link":"https:\/\/www.siilog.com\/fr\/carreiras\/","title":{"rendered":"Carri\u00e8res"},"content":{"rendered":"<p><strong>Cher collaborateur, c\u2019est avec le plus grand plaisir que nous vous int\u00e9grons dans notre \u00e9quipe!<\/strong><\/p>\n<p>Pour SIILOG, accueillir un nouveau collaborateur c\u2019est essentiellement lui fournir toutes les conditions n\u00e9cessaires \u00e0 sa mise en valeur et \u00e0 sa r\u00e9ussite. \u2028SIILOG est une entreprise innovatrice, ancr\u00e9e dans le march\u00e9 avec une mentalit\u00e9 jeune et dynamique, qui ne connait aucune limite en termes d\u2019apprentissage et est d\u00e9termin\u00e9e \u00e0 surmonter les obstacles!<\/p>\n<p><strong>Pour SIILOG ce qui importe, ce sont les personnes ; nous les valorisons!<\/strong><\/p>\n<p>Elles sont la cl\u00e9 du succ\u00e8s et de la d\u00e9termination\u2026\u2028Esprit d\u2019\u00c9quipe, \u00c9tique, Sacrifice, Honn\u00eatet\u00e9, Professionnalisme et Responsabilit\u00e9 sont les mots-cl\u00e9s pour vous situer.<\/p>\n<p><strong>Le jour \u201ccl\u00e9\u201d<\/strong><\/p>\n<p>Le jour \u201ccl\u00e9\u201d est le terme que nous utilisons chez SIILOG comme r\u00e9f\u00e9rence au premier contact et \u00e0 la premi\u00e8re impression du nouveau collaborateur et de sa place dans l\u2019entreprise (coll\u00e8gues de travail, m\u00e9thodes de travail). \u2028Le collaborateur sera bri\u00e8vement pr\u00e9sent\u00e9 par l\u2019administration \u00e0 tous les coll\u00e8gues et de fa\u00e7on plus d\u00e9taill\u00e9e aux sup\u00e9rieurs directs, en fonction du poste pour lequel il a \u00e9t\u00e9 recrut\u00e9. \u2028Il sera post\u00e9rieurement inform\u00e9 de certains \u00e9checs et succ\u00e8s de SIILOG pour qu\u2019il soit conscient de la r\u00e9alit\u00e9 et de ses capacit\u00e9s.<\/p>","protected":false},"excerpt":{"rendered":"Cher collaborateur, c\u2019est avec le plus grand plaisir que nous vous int\u00e9grons dans notre \u00e9quipe! Pour SIILOG, accueillir un nouveau collaborateur c\u2019est essentiellement lui fournir toutes les conditions n\u00e9cessaires \u00e0 sa mise en valeur et \u00e0 sa r\u00e9ussite. \u2028SIILOG est une entreprise innovatrice, ancr\u00e9e dans le march\u00e9 avec une mentalit\u00e9 jeune et dynamique, qui ne&#8230;  <a class=\"excerpt-read-more\" href=\"https:\/\/www.siilog.com\/fr\/carreiras\/\" title=\"ReadCarri\u00e8res\">Read more &raquo;<\/a>","protected":false},"author":1,"featured_media":0,"parent":0,"menu_order":0,"comment_status":"closed","ping_status":"closed","template":"page-full-width.php","meta":{"footnotes":""},"_links":{"self":[{"href":"https:\/\/www.siilog.com\/fr\/wp-json\/wp\/v2\/pages\/294"}],"collection":[{"href":"https:\/\/www.siilog.com\/fr\/wp-json\/wp\/v2\/pages"}],"about":[{"href":"https:\/\/www.siilog.com\/fr\/wp-json\/wp\/v2\/types\/page"}],"author":[{"embeddable":true,"href":"https:\/\/www.siilog.com\/fr\/wp-json\/wp\/v2\/users\/1"}],"replies":[{"embeddable":true,"href":"https:\/\/www.siilog.com\/fr\/wp-json\/wp\/v2\/comments?post=294"}],"version-history":[{"count":12,"href":"https:\/\/www.siilog.com\/fr\/wp-json\/wp\/v2\/pages\/294\/revisions"}],"predecessor-version":[{"id":762,"href":"https:\/\/www.siilog.com\/fr\/wp-json\/wp\/v2\/pages\/294\/revisions\/762"}],"wp:attachment":[{"href":"https:\/\/www.siilog.com\/fr\/wp-json\/wp\/v2\/media?parent=294"}],"curies":[{"name":"wp","href":"https:\/\/api.w.org\/{rel}","templated":true}]}}