{"id":857,"date":"2024-03-25T13:07:09","date_gmt":"2024-03-25T13:07:09","guid":{"rendered":"https:\/\/www.siilog.com\/?page_id=857"},"modified":"2024-04-02T17:47:25","modified_gmt":"2024-04-02T17:47:25","slug":"itechmetal-precision","status":"publish","type":"page","link":"https:\/\/www.siilog.com\/es\/itechmetal-precision\/","title":{"rendered":"iTechMetal Precision"},"content":{"rendered":"<div class=\"wp-block-columns are-vertically-aligned-top is-layout-flex wp-container-core-columns-layout-1 wp-block-columns-is-layout-flex\">\n<div class=\"wp-block-column is-vertically-aligned-top is-layout-flow wp-block-column-is-layout-flow\">\n<figure class=\"wp-block-embed is-type-video is-provider-youtube wp-block-embed-youtube wp-embed-aspect-16-9 wp-has-aspect-ratio\"><div class=\"wp-block-embed__wrapper\">\n<iframe loading=\"lazy\" title=\"itechmetal precision video\" width=\"500\" height=\"281\" src=\"https:\/\/www.youtube.com\/embed\/eAnyGCFXII0?feature=oembed\" frameborder=\"0\" allow=\"accelerometer; autoplay; clipboard-write; encrypted-media; gyroscope; picture-in-picture; web-share\" referrerpolicy=\"strict-origin-when-cross-origin\" allowfullscreen><\/iframe>\n<\/div><\/figure>\n<\/div>\n\n\n\n<div class=\"wp-block-column is-vertically-aligned-top is-layout-flow wp-block-column-is-layout-flow\">\n<h4 class=\"wp-block-heading\">Con m\u00e1s de 35 a\u00f1os de know-how y din\u00e1mica global con ingenier\u00eda portuguesa y europea:<\/h4>\n\n\n\n<p>Adyacente en los valores del Grupo SIILOG y como referencia de la din\u00e1mica de actuaci\u00f3n en los sectores industriales con el prop\u00f3sito de estricta colaboraci\u00f3n Clientes implicando el rigor del cumplimiento a tiempo de todos los deberes comerciales a los que nos proponemos como actor de mercado con la Marca ITECHMETAL Precision.<br><br>A trav\u00e9s de nuestra oficina de ingenier\u00eda en contexto con la operatividad de los programas y la realidad del conceto de producto:<br><br>Apostamos por un \u00e1rea de producci\u00f3n con amplio stock de materia prima, para cumplir y obtener un gran control entre compromiso en la adjudicaci\u00f3n con Cliente, Fabricaci\u00f3n, Entrega;<br><br>Somos capaces de trabajar las m\u00e1s variadas referencias t\u00e9cnicas de Acero, Aluminio, Cobre, Bronce y Nylon, Pl\u00e1sticos T\u00e9cnicos; <strong>A\u00e7o, Alum\u00ednio, Cobre, Bronze, e Nylon, Pl\u00e1sticos T\u00e9cnicos;<\/strong><\/p>\n<\/div>\n<\/div>\n\n\n\n<div class=\"wp-block-spacer\" style=\"height: 100px;\" aria-hidden=\"true\">\u00a0<\/div>\n\n\n\n<h2 class=\"wp-block-heading has-text-align-center\">Nuestro equipo<\/h2>\n\n\n\n<div class=\"wp-block-columns are-vertically-aligned-center is-layout-flex wp-container-core-columns-layout-2 wp-block-columns-is-layout-flex\">\n<div class=\"wp-block-column is-vertically-aligned-center is-layout-flow wp-block-column-is-layout-flow\">\n<h4 class=\"wp-block-heading\">Torno de CNC<\/h4>\n\n\n\n<p>Un torno tiene dos ejes de 500 mm entre puntos con herramientas giratorias y 800 mm entre puntos.<br><br>A trav\u00e9s de nuestros Tornos y centros CNC, producimos piezas de las m\u00e1s sencillas a las m\u00e1s complejas, con alta calidad y precisi\u00f3n.<\/p>\n\n\n\n<h4 class=\"wp-block-heading\">Centro de Maquinaci\u00f3n CNC<\/h4>\n\n\n\n<p>Mesa con 1050 x 500 x 500 y la otra tiene una mesa con 1740 x 760 x 660.<\/p>\n<\/div>\n\n\n\n<div class=\"wp-block-column is-vertically-aligned-center is-layout-flow wp-block-column-is-layout-flow\">\n<figure class=\"wp-block-image size-full is-resized\"><img loading=\"lazy\" decoding=\"async\" width=\"570\" height=\"386\" src=\"http:\/\/www.siilog.com\/wp-content\/uploads\/2024\/03\/shutterstock_2216877165-1.webp\" alt=\"\" class=\"wp-image-864\" style=\"width:508px;height:auto\"\/><\/figure>\n<\/div>\n<\/div>\n\n\n\n<div class=\"wp-block-spacer\" style=\"height: 100px;\" aria-hidden=\"true\">\u00a0<\/div>\n\n\n\n<div class=\"wp-block-buttons is-content-justification-center is-layout-flex wp-container-core-buttons-layout-1 wp-block-buttons-is-layout-flex\">\n<div class=\"wp-block-button has-custom-font-size has-medium-font-size\"><a class=\"wp-block-button__link has-white-color has-text-color has-background has-link-color has-text-align-center wp-element-button\" href=\"mailto:itechmetal@siilog.com\" style=\"border-radius:8px;background-color:#a10330\">Fale conosco<\/a><\/div>\n<\/div>","protected":false},"excerpt":{"rendered":"Com mais de 7 anos de know-how, conce\u00e7\u00e3o e detalhe com engenharia portuguesa e europeia: Adjacente nos valores do Grupo SIILOG e como referencia da din\u00e2mica de atua\u00e7\u00e3o nos sectores industriais com o prop\u00f3sito de estrita colabora\u00e7\u00e3o Clientes implicando o rigor do cumprimento atempado de todos os deveres comerciais a que nos propomos enquanto player&#8230;  <a class=\"excerpt-read-more\" href=\"https:\/\/www.siilog.com\/es\/itechmetal-precision\/\" title=\"ReadiTechMetal Precision\">Read more &raquo;<\/a>","protected":false},"author":2,"featured_media":1005,"parent":0,"menu_order":0,"comment_status":"closed","ping_status":"closed","template":"page-full-width.php","meta":{"footnotes":""},"_links":{"self":[{"href":"https:\/\/www.siilog.com\/es\/wp-json\/wp\/v2\/pages\/857"}],"collection":[{"href":"https:\/\/www.siilog.com\/es\/wp-json\/wp\/v2\/pages"}],"about":[{"href":"https:\/\/www.siilog.com\/es\/wp-json\/wp\/v2\/types\/page"}],"author":[{"embeddable":true,"href":"https:\/\/www.siilog.com\/es\/wp-json\/wp\/v2\/users\/2"}],"replies":[{"embeddable":true,"href":"https:\/\/www.siilog.com\/es\/wp-json\/wp\/v2\/comments?post=857"}],"version-history":[{"count":20,"href":"https:\/\/www.siilog.com\/es\/wp-json\/wp\/v2\/pages\/857\/revisions"}],"predecessor-version":[{"id":1045,"href":"https:\/\/www.siilog.com\/es\/wp-json\/wp\/v2\/pages\/857\/revisions\/1045"}],"wp:featuredmedia":[{"embeddable":true,"href":"https:\/\/www.siilog.com\/es\/wp-json\/wp\/v2\/media\/1005"}],"wp:attachment":[{"href":"https:\/\/www.siilog.com\/es\/wp-json\/wp\/v2\/media?parent=857"}],"curies":[{"name":"wp","href":"https:\/\/api.w.org\/{rel}","templated":true}]}}