{"id":853,"date":"2024-03-25T13:06:24","date_gmt":"2024-03-25T13:06:24","guid":{"rendered":"https:\/\/www.siilog.com\/?page_id=853"},"modified":"2024-04-02T17:46:27","modified_gmt":"2024-04-02T17:46:27","slug":"automation-software","status":"publish","type":"page","link":"https:\/\/www.siilog.com\/es\/automation-software\/","title":{"rendered":"Automation &#038; Software"},"content":{"rendered":"<div class=\"wp-block-columns is-layout-flex wp-container-core-columns-layout-1 wp-block-columns-is-layout-flex\">\n<div class=\"wp-block-column is-layout-flow wp-block-column-is-layout-flow\">\n<figure class=\"wp-block-embed is-type-video is-provider-youtube wp-block-embed-youtube wp-embed-aspect-16-9 wp-has-aspect-ratio\"><div class=\"wp-block-embed__wrapper\">\n<iframe loading=\"lazy\" title=\"automation software video\" width=\"500\" height=\"281\" src=\"https:\/\/www.youtube.com\/embed\/1ZYElxAXMyg?feature=oembed\" frameborder=\"0\" allow=\"accelerometer; autoplay; clipboard-write; encrypted-media; gyroscope; picture-in-picture; web-share\" referrerpolicy=\"strict-origin-when-cross-origin\" allowfullscreen><\/iframe>\n<\/div><\/figure>\n<\/div>\n\n\n\n<div class=\"wp-block-column is-layout-flow wp-block-column-is-layout-flow\">\n<h4 class=\"wp-block-heading\">Con m\u00e1s de 35 a\u00f1os de know-how y din\u00e1mica global con ingenier\u00eda portuguesa y europea:<\/h4>\n\n\n\n<p>Ponemos a su disposici\u00f3n su software de gesti\u00f3n de nuestros sistemas intralog\u00edsticos y almacenes dirigido a peque\u00f1as, medianas, grandes empresas para los m\u00e1s diversos sectores de actividad.<\/p>\n\n\n\n<p>Tiene como objetivo principal controlar, coordinar y gestionar todos los procesos de la cadena de valor que tienen lugar en un almac\u00e9n.<\/p>\n\n\n\n<p>Los diferentes niveles de funcionalidad de SIILOG Software permiten adaptarse a sus necesidades concretas de cada instalaci\u00f3n en funci\u00f3n del grado de complejidad y automatizaci\u00f3n del almac\u00e9n logrando adaptar f\u00e1cilmente la optimizaci\u00f3n al crecimiento de un negocio o a nuevos procesos y vol\u00famenes.<\/p>\n\n\n\n<p>&nbsp;<\/p>\n<\/div>\n<\/div>\n\n\n\n<div class=\"wp-block-spacer\" style=\"height: 100px;\" aria-hidden=\"true\">\u00a0<\/div>\n\n\n\n<div class=\"wp-block-columns is-layout-flex wp-container-core-columns-layout-2 wp-block-columns-is-layout-flex\">\n<div class=\"wp-block-column is-layout-flow wp-block-column-is-layout-flow\">\n<h4 class=\"wp-block-heading\">Ventajas<\/h4>\n\n\n\n<ul>\n<li>Aumento de la productividad log\u00edstica y reducci\u00f3n del n\u00famero de operaciones.<\/li>\n\n\n\n<li>Control total de las ubicaciones.<\/li>\n\n\n\n<li>Control en tiempo real de los pedidos.<\/li>\n\n\n\n<li>Control de la productividad de los trabajadores.<\/li>\n\n\n\n<li>Eliminaci\u00f3n de errores en las expediciones.<\/li>\n\n\n\n<li>Aumento de la rapidez en la preparaci\u00f3n y el env\u00edo de los pedidos.<\/li>\n\n\n\n<li>Mejora del cumplimiento de los plazos de entrega de los pedidos.<\/li>\n\n\n\n<li>Reducci\u00f3n del tiempo en innumerables trabajos en la cadena de suministro<\/li>\n\n\n\n<li>Mejor aprovechamiento de los recursos f\u00edsicos y humanos.<\/li>\n\n\n\n<li>Reducci\u00f3n dr\u00e1stica de los costes originados por las fechas de caducidad o la p\u00e9rdida desconocida.<\/li>\n<\/ul>\n<\/div>\n\n\n\n<div class=\"wp-block-column is-layout-flow wp-block-column-is-layout-flow\">\n<figure class=\"wp-block-image size-full\"><img loading=\"lazy\" decoding=\"async\" width=\"570\" height=\"470\" src=\"http:\/\/www.siilog.com\/wp-content\/uploads\/2024\/03\/shutterstock_1653631864-2.webp\" alt=\"\" class=\"wp-image-867\"\/><\/figure>\n<\/div>\n<\/div>\n\n\n\n<div class=\"wp-block-buttons is-content-justification-center is-layout-flex wp-container-core-buttons-layout-1 wp-block-buttons-is-layout-flex\">\n<div class=\"wp-block-button has-custom-font-size has-medium-font-size\"><a class=\"wp-block-button__link has-white-color has-text-color has-background has-link-color has-text-align-center wp-element-button\" href=\"mailto:automation.software@siilog.com\" style=\"border-radius:8px;background-color:#a10330\">Fale conosco<\/a><\/div>\n<\/div>","protected":false},"excerpt":{"rendered":"Com mais de 35 anos de know-how, e din\u00e2mica global com engenharia portuguesa e europeia: Colocamos a sua disposi\u00e7\u00e3o o seu software de gest\u00e3o dos nossos sistemas intralogisticos e armaz\u00e9ns dirigido a pequenas, m\u00e9dias, grandes empresas para os mais diversos sectores de actividade. Tem como principal objectivo controlar, coordenar e gerir todos os processos de&#8230;  <a class=\"excerpt-read-more\" href=\"https:\/\/www.siilog.com\/es\/automation-software\/\" title=\"ReadAutomation &#038; Software\">Read more &raquo;<\/a>","protected":false},"author":2,"featured_media":0,"parent":0,"menu_order":0,"comment_status":"closed","ping_status":"closed","template":"page-full-width.php","meta":{"footnotes":""},"_links":{"self":[{"href":"https:\/\/www.siilog.com\/es\/wp-json\/wp\/v2\/pages\/853"}],"collection":[{"href":"https:\/\/www.siilog.com\/es\/wp-json\/wp\/v2\/pages"}],"about":[{"href":"https:\/\/www.siilog.com\/es\/wp-json\/wp\/v2\/types\/page"}],"author":[{"embeddable":true,"href":"https:\/\/www.siilog.com\/es\/wp-json\/wp\/v2\/users\/2"}],"replies":[{"embeddable":true,"href":"https:\/\/www.siilog.com\/es\/wp-json\/wp\/v2\/comments?post=853"}],"version-history":[{"count":37,"href":"https:\/\/www.siilog.com\/es\/wp-json\/wp\/v2\/pages\/853\/revisions"}],"predecessor-version":[{"id":1042,"href":"https:\/\/www.siilog.com\/es\/wp-json\/wp\/v2\/pages\/853\/revisions\/1042"}],"wp:attachment":[{"href":"https:\/\/www.siilog.com\/es\/wp-json\/wp\/v2\/media?parent=853"}],"curies":[{"name":"wp","href":"https:\/\/api.w.org\/{rel}","templated":true}]}}