{"id":850,"date":"2024-03-25T13:00:58","date_gmt":"2024-03-25T13:00:58","guid":{"rendered":"https:\/\/www.siilog.com\/?page_id=850"},"modified":"2024-04-02T17:45:46","modified_gmt":"2024-04-02T17:45:46","slug":"intralogistics-systems","status":"publish","type":"page","link":"https:\/\/www.siilog.com\/es\/intralogistics-systems\/","title":{"rendered":"Intralogistics Systems"},"content":{"rendered":"<div class=\"wp-block-columns is-layout-flex wp-container-core-columns-layout-1 wp-block-columns-is-layout-flex\">\n<div class=\"wp-block-column is-layout-flow wp-block-column-is-layout-flow\">\n<figure class=\"wp-block-embed is-type-video is-provider-youtube wp-block-embed-youtube wp-embed-aspect-16-9 wp-has-aspect-ratio\"><div class=\"wp-block-embed__wrapper\">\n<iframe loading=\"lazy\" title=\"intralogistics systems video\" width=\"500\" height=\"281\" src=\"https:\/\/www.youtube.com\/embed\/ajihZvWLydE?feature=oembed\" frameborder=\"0\" allow=\"accelerometer; autoplay; clipboard-write; encrypted-media; gyroscope; picture-in-picture; web-share\" referrerpolicy=\"strict-origin-when-cross-origin\" allowfullscreen><\/iframe>\n<\/div><\/figure>\n<\/div>\n\n\n\n<div class=\"wp-block-column is-layout-flow wp-block-column-is-layout-flow\">\n<h4 class=\"wp-block-heading\">Con m\u00e1s de 35 a\u00f1os de know-how, y referencias instaladas para servir a nuestros clientes con ingenier\u00eda portuguesa y europea:<\/h4>\n\n\n\n<p>Realizaci\u00f3n de proyectos \u201cchave-na-m\u00e3o\u201d intralog\u00edsticos. Adecuaci\u00f3n del conjunto de sistemas a instalar seg\u00fan las necesidades del cliente. Con esta consultor\u00eda de soluciones de almacenamiento se identifican los flujos de movimiento de la mercanc\u00eda para poder dimensionar el proyecto a realizar. <br>Antes de empreender qualquer renova\u00e7\u00e3o ou implementa\u00e7\u00e3o de um novo sistema de armazenagem, \u00e9 imprescind\u00edvel o estudo e a an\u00e1lise em profundidade das necessidades e possibilidades da empresa.\u2028S\u00f3 assim se pode garantir um \u00f3ptimo resultado, econ\u00f3mico e racional.\u2028SIILOG adapta-se \u00e0s necessidades espec\u00edficas de cada cliente, o que implica, em muitos casos, a realiza\u00e7\u00e3o de projectos \u201cchave-na-m\u00e3o\u201d.<\/p>\n<\/div>\n<\/div>\n\n\n\n<div style=\"height:100px\" aria-hidden=\"true\" class=\"wp-block-spacer\"><\/div>\n\n\n\n<div class=\"wp-block-columns is-layout-flex wp-container-core-columns-layout-2 wp-block-columns-is-layout-flex\">\n<div class=\"wp-block-column is-layout-flow wp-block-column-is-layout-flow\">\n<p>A petici\u00f3n del cliente, SIILOG elabora el anteproyecto y se ocupa de todo el proceso de dise\u00f1o, licitaci\u00f3n, aprovisionamiento, montaje y arranque de la instalaci\u00f3n, para que el cliente tenga un \u00fanico interlocutor v\u00e1lido durante la ejecuci\u00f3n del proyecto.<\/p>\n\n\n\n<p>Una consultor\u00eda previa permite ahorrar tiempo y costes de instalaci\u00f3n, y es la \u00fanica forma de garantizar el buen funcionamiento del almac\u00e9n automatizado, o de cualquier otro sistema o soluci\u00f3n implementado por SIILOG.<\/p>\n\n\n\n<p>SIILOG sigue implementando el tipo de software de gesti\u00f3n de almacenamiento que mejor se adapta a sus necesidades.<\/p>\n<\/div>\n\n\n\n<div class=\"wp-block-column is-layout-flow wp-block-column-is-layout-flow\">\n<figure class=\"wp-block-image size-full\"><img loading=\"lazy\" decoding=\"async\" width=\"570\" height=\"470\" src=\"http:\/\/www.siilog.com\/wp-content\/uploads\/2024\/03\/shutterstock_1653631864-2.webp\" alt=\"\" class=\"wp-image-867\"\/><\/figure>\n<\/div>\n<\/div>\n\n\n\n<div style=\"height:100px\" aria-hidden=\"true\" class=\"wp-block-spacer\"><\/div>\n\n\n\n<div class=\"wp-block-buttons is-content-justification-center is-layout-flex wp-container-core-buttons-layout-1 wp-block-buttons-is-layout-flex\">\n<div class=\"wp-block-button has-custom-font-size has-medium-font-size\"><a class=\"wp-block-button__link has-background wp-element-button\" style=\"border-radius:8px;background-color:#a10330\">Fale conosco<\/a><\/div>\n<\/div>","protected":false},"excerpt":{"rendered":"Com mais de 35 Anos de know-how, e referencias instaladas a servir nossos clientes com engenharia portuguesa e europeia: Realiza\u00e7\u00e3o de projetos \u201cchave-na-m\u00e3o\u201d intralogisticos. Adequa\u00e7\u00e3o do conjunto de sistemas a instalar segundo as necessidades do cliente.\u2028Com esta consultoria de solu\u00e7\u00f5es de armazenagem identificam-se os fluxos de movimento da mercadoria para poder dimensionar o projeto a&#8230;  <a class=\"excerpt-read-more\" href=\"https:\/\/www.siilog.com\/es\/intralogistics-systems\/\" title=\"ReadIntralogistics Systems\">Read more &raquo;<\/a>","protected":false},"author":2,"featured_media":0,"parent":0,"menu_order":0,"comment_status":"closed","ping_status":"closed","template":"page-full-width.php","meta":{"footnotes":""},"_links":{"self":[{"href":"https:\/\/www.siilog.com\/es\/wp-json\/wp\/v2\/pages\/850"}],"collection":[{"href":"https:\/\/www.siilog.com\/es\/wp-json\/wp\/v2\/pages"}],"about":[{"href":"https:\/\/www.siilog.com\/es\/wp-json\/wp\/v2\/types\/page"}],"author":[{"embeddable":true,"href":"https:\/\/www.siilog.com\/es\/wp-json\/wp\/v2\/users\/2"}],"replies":[{"embeddable":true,"href":"https:\/\/www.siilog.com\/es\/wp-json\/wp\/v2\/comments?post=850"}],"version-history":[{"count":26,"href":"https:\/\/www.siilog.com\/es\/wp-json\/wp\/v2\/pages\/850\/revisions"}],"predecessor-version":[{"id":1041,"href":"https:\/\/www.siilog.com\/es\/wp-json\/wp\/v2\/pages\/850\/revisions\/1041"}],"wp:attachment":[{"href":"https:\/\/www.siilog.com\/es\/wp-json\/wp\/v2\/media?parent=850"}],"curies":[{"name":"wp","href":"https:\/\/api.w.org\/{rel}","templated":true}]}}