{"id":8,"date":"2016-02-03T16:53:29","date_gmt":"2016-02-03T16:53:29","guid":{"rendered":"http:\/\/www.siilog.com\/?page_id=8"},"modified":"2019-05-07T14:47:12","modified_gmt":"2019-05-07T14:47:12","slug":"homepage","status":"publish","type":"page","link":"https:\/\/www.siilog.com\/es\/homepage\/","title":{"rendered":"Sobre N\u00f3s"},"content":{"rendered":"<p>La log\u00edstica industrial, al tratarse de una ciencia de gesti\u00f3n y organizaci\u00f3n de las actividades t\u00e9cnicas, es por cierto una disciplina de futuro en las empresas.<\/p>\n<p>Somos una compa\u00f1ia especializada en la aplicaci\u00f3n de las m\u00e1s avanzadas tecnolog\u00edas multidisciplinarias, a fin de garantizar la concepci\u00f3n total de un proyecto global, desde el estudio del flujo de materiales al an\u00e1lisis de procesos, pasando por el desarrollo y concepci\u00f3n de proyectos mec\u00e1nicos, el\u00e9ctricos, de automatizaci\u00f3n y software para equipamientos industriales.<\/p>\n<p>En la trama empresarial, nos ubicamos como una empresa productora de soluciones y bienes de equipamiento de media y alta tecnolog\u00eda con elevado potencial, a lo cual se a\u00f1ade la investigaci\u00f3n y desarrollo en los varios sectores de la econom\u00eda.<\/p>\n<p>Nuestra capacidad productiva asienta en la fabricaci\u00f3n estrat\u00e9gica de componentes mec\u00e1nicos espec\u00edficos, la ejecuci\u00f3n global de todos los cuadros de comando y potencia para los m\u00e1s variados equipamientos, un laboratorio de concepci\u00f3n de programas inform\u00e1ticos para control y supervisi\u00f3n de procesos, pre montaje y montaje global en grandes espacios apropiadamente acondicionados y la instalaci\u00f3n en la sede del cliente, seguida de nuestro servicio postventa.<\/p>\n<div class=\"videoWrapper\">\n<iframe loading=\"lazy\" width=\"560\" height=\"315\" src=\"https:\/\/www.youtube-nocookie.com\/embed\/oV9s95FuhTA\" frameborder=\"0\" allow=\"accelerometer; autoplay; encrypted-media; gyroscope; picture-in-picture\" allowfullscreen><\/iframe>\n<\/div>\n<p><\/p>","protected":false},"excerpt":{"rendered":"La log\u00edstica industrial, al tratarse de una ciencia de gesti\u00f3n y organizaci\u00f3n de las actividades t\u00e9cnicas, es por cierto una disciplina de futuro en las empresas. Somos una compa\u00f1ia especializada en la aplicaci\u00f3n de las m\u00e1s avanzadas tecnolog\u00edas multidisciplinarias, a fin de garantizar la concepci\u00f3n total de un proyecto global, desde el estudio del flujo&#8230;  <a class=\"excerpt-read-more\" href=\"https:\/\/www.siilog.com\/es\/homepage\/\" title=\"ReadSobre N\u00f3s\">Read more &raquo;<\/a>","protected":false},"author":1,"featured_media":0,"parent":0,"menu_order":0,"comment_status":"closed","ping_status":"closed","template":"page-full-width.php","meta":{"footnotes":""},"_links":{"self":[{"href":"https:\/\/www.siilog.com\/es\/wp-json\/wp\/v2\/pages\/8"}],"collection":[{"href":"https:\/\/www.siilog.com\/es\/wp-json\/wp\/v2\/pages"}],"about":[{"href":"https:\/\/www.siilog.com\/es\/wp-json\/wp\/v2\/types\/page"}],"author":[{"embeddable":true,"href":"https:\/\/www.siilog.com\/es\/wp-json\/wp\/v2\/users\/1"}],"replies":[{"embeddable":true,"href":"https:\/\/www.siilog.com\/es\/wp-json\/wp\/v2\/comments?post=8"}],"version-history":[{"count":18,"href":"https:\/\/www.siilog.com\/es\/wp-json\/wp\/v2\/pages\/8\/revisions"}],"predecessor-version":[{"id":793,"href":"https:\/\/www.siilog.com\/es\/wp-json\/wp\/v2\/pages\/8\/revisions\/793"}],"wp:attachment":[{"href":"https:\/\/www.siilog.com\/es\/wp-json\/wp\/v2\/media?parent=8"}],"curies":[{"name":"wp","href":"https:\/\/api.w.org\/{rel}","templated":true}]}}