{"id":7,"date":"2016-02-03T16:51:26","date_gmt":"2016-02-03T16:51:26","guid":{"rendered":"http:\/\/www.siilog.com\/?page_id=6"},"modified":"2024-04-01T10:45:56","modified_gmt":"2024-04-01T10:45:56","slug":"empresa","status":"publish","type":"page","link":"https:\/\/www.siilog.com\/es\/empresa\/","title":{"rendered":"Compa\u00f1ia"},"content":{"rendered":"<p>Somos una compa\u00f1ia especializada en la aplicaci\u00f3n de las m\u00e1s avanzadas tecnolog\u00edas multidisciplinarias, a fin de garantizar la concepci\u00f3n total de un proyecto global, desde el estudio del flujo de materiales al an\u00e1lisis de procesos, pasando por el desarrollo y concepci\u00f3n de proyectos mec\u00e1nicos, el\u00e9ctricos, de automatizaci\u00f3n y software para equipamientos industriales.<\/p>\n<p>En la trama empresarial, nos ubicamos como una empresa productora de soluciones y bienes de equipamiento de media y alta tecnolog\u00eda con elevado potencial, a lo cual se a\u00f1ade la investigaci\u00f3n y desarrollo en los varios sectores de la econom\u00eda.<\/p>\n<p>Nuestra capacidad productiva asienta en la fabricaci\u00f3n estrat\u00e9gica de componentes mec\u00e1nicos espec\u00edficos, la ejecuci\u00f3n global de todos los cuadros de comando y potencia para los m\u00e1s variados equipamientos, un laboratorio de concepci\u00f3n de programas inform\u00e1ticos para control y supervisi\u00f3n de procesos, pre montaje y montaje global en grandes espacios apropiadamente acondicionados y la instalaci\u00f3n en la sede del cliente, seguida de nuestro servicio postventa.<\/p>\n<p>Para ello, aseguramos desde el inicio la perfecta armonizaci\u00f3n de las t\u00e9cnicas de automatizaci\u00f3n, con base en el uso de conceptos de mec\u00e1nica fina, hidr\u00e1ulica, neum\u00e1tica, el\u00e9ctrica, de automatizaci\u00f3n y programaci\u00f3n.<\/p>\n<p>Contamos con una vasta experiencia, fundamentada en la realizaci\u00f3n de los mayores proyectos de sistemas de transporte y manejo de productos en todo el pa\u00eds, contratos de mantenimiento, montaje de equipamientos industriales, sistemas log\u00edsticos y equipamientos especiales en las diversas \u00e1reas de actividad.<\/p>\n<p>La imagen de SIILOG se define como creadora de valor para nuestros clientes, a trav\u00e9s de la puesta en marcha de soluciones de productividad adaptadas a sus necesidades log\u00edsticas espec\u00edficas. Nuestro principal objetivo consiste en desarrollar competencias en la concepci\u00f3n y la realizaci\u00f3n, desde la idea inicial hasta un complejo equipamiento de concepto de llave en mano.<br \/>\n<\/p>\n<p><iframe loading=\"lazy\" title=\"Siilog\" width=\"500\" height=\"281\" src=\"https:\/\/www.youtube.com\/embed\/1jYxzqZnLHk?feature=oembed\" frameborder=\"0\" allow=\"accelerometer; autoplay; clipboard-write; encrypted-media; gyroscope; picture-in-picture; web-share\" referrerpolicy=\"strict-origin-when-cross-origin\" allowfullscreen><\/iframe><\/p>","protected":false},"excerpt":{"rendered":"Somos una compa\u00f1ia especializada en la aplicaci\u00f3n de las m\u00e1s avanzadas tecnolog\u00edas multidisciplinarias, a fin de garantizar la concepci\u00f3n total de un proyecto global, desde el estudio del flujo de materiales al an\u00e1lisis de procesos, pasando por el desarrollo y concepci\u00f3n de proyectos mec\u00e1nicos, el\u00e9ctricos, de automatizaci\u00f3n y software para equipamientos industriales. En la trama&#8230;  <a class=\"excerpt-read-more\" href=\"https:\/\/www.siilog.com\/es\/empresa\/\" title=\"ReadCompa\u00f1ia\">Read more &raquo;<\/a>","protected":false},"author":1,"featured_media":0,"parent":0,"menu_order":0,"comment_status":"closed","ping_status":"closed","template":"","meta":{"footnotes":""},"_links":{"self":[{"href":"https:\/\/www.siilog.com\/es\/wp-json\/wp\/v2\/pages\/7"}],"collection":[{"href":"https:\/\/www.siilog.com\/es\/wp-json\/wp\/v2\/pages"}],"about":[{"href":"https:\/\/www.siilog.com\/es\/wp-json\/wp\/v2\/types\/page"}],"author":[{"embeddable":true,"href":"https:\/\/www.siilog.com\/es\/wp-json\/wp\/v2\/users\/1"}],"replies":[{"embeddable":true,"href":"https:\/\/www.siilog.com\/es\/wp-json\/wp\/v2\/comments?post=7"}],"version-history":[{"count":16,"href":"https:\/\/www.siilog.com\/es\/wp-json\/wp\/v2\/pages\/7\/revisions"}],"predecessor-version":[{"id":1020,"href":"https:\/\/www.siilog.com\/es\/wp-json\/wp\/v2\/pages\/7\/revisions\/1020"}],"wp:attachment":[{"href":"https:\/\/www.siilog.com\/es\/wp-json\/wp\/v2\/media?parent=7"}],"curies":[{"name":"wp","href":"https:\/\/api.w.org\/{rel}","templated":true}]}}