{"id":60,"date":"2016-02-04T11:18:08","date_gmt":"2016-02-04T11:18:08","guid":{"rendered":"http:\/\/www.siilog.com\/?page_id=60"},"modified":"2016-06-20T14:18:57","modified_gmt":"2016-06-20T14:18:57","slug":"politica-de-privacidade","status":"publish","type":"page","link":"https:\/\/www.siilog.com\/es\/politica-de-privacidade\/","title":{"rendered":"Politica de Privacidad"},"content":{"rendered":"<p>Los datos utilizados en este sitio son propiedad de SIILOG cuya finalidad es la visibilidad.<\/p>\n<p>SIILOG es una marca registrada en la Comunidad Europea y otros pa\u00edses en todo el mundo .<\/p>\n<p>Puede ejercer gratuitamente los derechos de acceso, rectificaci\u00f3n , cancelaci\u00f3n y oposici\u00f3n al direc\u00e7\u00e3o.juridica@siilog.com .<\/p>\n<p>El cliente autoriza el uso de sus datos seg\u00fan lo descrito, incluyendo la posible comunicaci\u00f3n de los mismos a las empresas SIILOG Group , dedicada a la ingenier\u00eda y construcci\u00f3n , cuyos nombres y direcciones figuran en nuestro sitio web ( www.siilog.com ) .<\/p>\n<p>Este sitio web y sus anexos pueden contener informaci\u00f3n confidencial . La legislaci\u00f3n europea protege la confidencialidad de las comunicaciones .<br \/>\nCualquier acto de transmisi\u00f3n y \/ o distribuci\u00f3n de los mismos y la informaci\u00f3n , y su uso puede ser castigado .<\/p>","protected":false},"excerpt":{"rendered":"Los datos utilizados en este sitio son propiedad de SIILOG cuya finalidad es la visibilidad. SIILOG es una marca registrada en la Comunidad Europea y otros pa\u00edses en todo el mundo . Puede ejercer gratuitamente los derechos de acceso, rectificaci\u00f3n , cancelaci\u00f3n y oposici\u00f3n al direc\u00e7\u00e3o.juridica@siilog.com . El cliente autoriza el uso de sus datos&#8230;  <a class=\"excerpt-read-more\" href=\"https:\/\/www.siilog.com\/es\/politica-de-privacidade\/\" title=\"ReadPolitica de Privacidad\">Read more &raquo;<\/a>","protected":false},"author":1,"featured_media":0,"parent":0,"menu_order":0,"comment_status":"closed","ping_status":"closed","template":"page-full-width.php","meta":{"footnotes":""},"_links":{"self":[{"href":"https:\/\/www.siilog.com\/es\/wp-json\/wp\/v2\/pages\/60"}],"collection":[{"href":"https:\/\/www.siilog.com\/es\/wp-json\/wp\/v2\/pages"}],"about":[{"href":"https:\/\/www.siilog.com\/es\/wp-json\/wp\/v2\/types\/page"}],"author":[{"embeddable":true,"href":"https:\/\/www.siilog.com\/es\/wp-json\/wp\/v2\/users\/1"}],"replies":[{"embeddable":true,"href":"https:\/\/www.siilog.com\/es\/wp-json\/wp\/v2\/comments?post=60"}],"version-history":[{"count":6,"href":"https:\/\/www.siilog.com\/es\/wp-json\/wp\/v2\/pages\/60\/revisions"}],"predecessor-version":[{"id":654,"href":"https:\/\/www.siilog.com\/es\/wp-json\/wp\/v2\/pages\/60\/revisions\/654"}],"wp:attachment":[{"href":"https:\/\/www.siilog.com\/es\/wp-json\/wp\/v2\/media?parent=60"}],"curies":[{"name":"wp","href":"https:\/\/api.w.org\/{rel}","templated":true}]}}