{"id":58,"date":"2016-02-04T11:16:56","date_gmt":"2016-02-04T11:16:56","guid":{"rendered":"http:\/\/www.siilog.com\/?page_id=58"},"modified":"2016-06-20T14:22:32","modified_gmt":"2016-06-20T14:22:32","slug":"termos-de-utilizacao","status":"publish","type":"page","link":"https:\/\/www.siilog.com\/es\/termos-de-utilizacao\/","title":{"rendered":"Condiciones de uso"},"content":{"rendered":"<p>Los datos utilizados en este sitio son propiedad de SIILOG cuya finalidad es la visibilidad .<\/p>\n<p>Esta plataforma est\u00e1 dise\u00f1ada para proporcionar soporte al departamento de marketing SIILOG \/\/ Grupo Corporativo.<\/p>\n<p>Como estos datos expl\u00edcitos sobre esta plataforma son la difusi\u00f3n universal de SIILOG :<br \/>\n&#8211; Presentaci\u00f3n de la empresa ;<br \/>\n&#8211; Noticias relacionadas con la empresa ;<br \/>\n&#8211; Sectores de Actividad ;<br \/>\n&#8211; Productos \/ servicios;<\/p>\n<p>Cualquier pregunta relacionada con esta plataforma p\u00f3ngase en contacto con :<br \/>\nDepartamento de Marketing Corporativo Grupo SIILOG \/\/ trav\u00e9s de &#8221; comunicaciones ( at) siilog.com &#8221;<\/p>\n<p><img loading=\"lazy\" decoding=\"async\" src=\"http:\/\/www.siilog.com\/wp-content\/uploads\/2016\/02\/siilog_informacao_consumidor.jpg\" alt=\"siilog_informacao_consumidor\" width=\"650\" height=\"355\" class=\"alignnone size-full wp-image-626\" \/><\/p>","protected":false},"excerpt":{"rendered":"Los datos utilizados en este sitio son propiedad de SIILOG cuya finalidad es la visibilidad . Esta plataforma est\u00e1 dise\u00f1ada para proporcionar soporte al departamento de marketing SIILOG \/\/ Grupo Corporativo. Como estos datos expl\u00edcitos sobre esta plataforma son la difusi\u00f3n universal de SIILOG : &#8211; Presentaci\u00f3n de la empresa ; &#8211; Noticias relacionadas con&#8230;  <a class=\"excerpt-read-more\" href=\"https:\/\/www.siilog.com\/es\/termos-de-utilizacao\/\" title=\"ReadCondiciones de uso\">Read more &raquo;<\/a>","protected":false},"author":1,"featured_media":0,"parent":0,"menu_order":0,"comment_status":"closed","ping_status":"closed","template":"page-full-width.php","meta":{"footnotes":""},"_links":{"self":[{"href":"https:\/\/www.siilog.com\/es\/wp-json\/wp\/v2\/pages\/58"}],"collection":[{"href":"https:\/\/www.siilog.com\/es\/wp-json\/wp\/v2\/pages"}],"about":[{"href":"https:\/\/www.siilog.com\/es\/wp-json\/wp\/v2\/types\/page"}],"author":[{"embeddable":true,"href":"https:\/\/www.siilog.com\/es\/wp-json\/wp\/v2\/users\/1"}],"replies":[{"embeddable":true,"href":"https:\/\/www.siilog.com\/es\/wp-json\/wp\/v2\/comments?post=58"}],"version-history":[{"count":5,"href":"https:\/\/www.siilog.com\/es\/wp-json\/wp\/v2\/pages\/58\/revisions"}],"predecessor-version":[{"id":655,"href":"https:\/\/www.siilog.com\/es\/wp-json\/wp\/v2\/pages\/58\/revisions\/655"}],"wp:attachment":[{"href":"https:\/\/www.siilog.com\/es\/wp-json\/wp\/v2\/media?parent=58"}],"curies":[{"name":"wp","href":"https:\/\/api.w.org\/{rel}","templated":true}]}}