{"id":37,"date":"2016-02-03T18:02:53","date_gmt":"2016-02-03T18:02:53","guid":{"rendered":"http:\/\/www.siilog.com\/?page_id=37"},"modified":"2018-03-28T14:23:47","modified_gmt":"2018-03-28T14:23:47","slug":"siilog-service-24","status":"publish","type":"page","link":"https:\/\/www.siilog.com\/es\/siilog-service-24\/","title":{"rendered":"Siilog Service 24"},"content":{"rendered":"<p>La base fundamental de este servicio es nuestra preocupaci\u00f3n con el tiempo de vida \u00fatil de los sistemas o m\u00f3dulos log\u00edsticos adquiridos por nuestros clientes.<\/p>\n<p>Por pedido, podr\u00e1 proveerse todo tipo de servicios adecuados para asegurar un m\u00e1ximo retorno de la inversi\u00f3n realizada, aumentando efectivamente la productividad con costes de mantenimiento reducidos.<\/p>\n<p><strong>Reflejamos la imagen que tenemos todos los d\u00edas\u2026<\/strong><br \/>\n<strong>Hacer del cliente el m\u00e1ximo exponente de calidad forma parte de nuestro secreto\u2026<\/strong><br \/>\n<\/p>","protected":false},"excerpt":{"rendered":"La base fundamental de este servicio es nuestra preocupaci\u00f3n con el tiempo de vida \u00fatil de los sistemas o m\u00f3dulos log\u00edsticos adquiridos por nuestros clientes. Por pedido, podr\u00e1 proveerse todo tipo de servicios adecuados para asegurar un m\u00e1ximo retorno de la inversi\u00f3n realizada, aumentando efectivamente la productividad con costes de mantenimiento reducidos. Reflejamos la imagen&#8230;  <a class=\"excerpt-read-more\" href=\"https:\/\/www.siilog.com\/es\/siilog-service-24\/\" title=\"ReadSiilog Service 24\">Read more &raquo;<\/a>","protected":false},"author":1,"featured_media":0,"parent":0,"menu_order":0,"comment_status":"closed","ping_status":"closed","template":"page-full-width.php","meta":{"footnotes":""},"_links":{"self":[{"href":"https:\/\/www.siilog.com\/es\/wp-json\/wp\/v2\/pages\/37"}],"collection":[{"href":"https:\/\/www.siilog.com\/es\/wp-json\/wp\/v2\/pages"}],"about":[{"href":"https:\/\/www.siilog.com\/es\/wp-json\/wp\/v2\/types\/page"}],"author":[{"embeddable":true,"href":"https:\/\/www.siilog.com\/es\/wp-json\/wp\/v2\/users\/1"}],"replies":[{"embeddable":true,"href":"https:\/\/www.siilog.com\/es\/wp-json\/wp\/v2\/comments?post=37"}],"version-history":[{"count":3,"href":"https:\/\/www.siilog.com\/es\/wp-json\/wp\/v2\/pages\/37\/revisions"}],"predecessor-version":[{"id":748,"href":"https:\/\/www.siilog.com\/es\/wp-json\/wp\/v2\/pages\/37\/revisions\/748"}],"wp:attachment":[{"href":"https:\/\/www.siilog.com\/es\/wp-json\/wp\/v2\/media?parent=37"}],"curies":[{"name":"wp","href":"https:\/\/api.w.org\/{rel}","templated":true}]}}