{"id":294,"date":"2016-02-10T15:00:10","date_gmt":"2016-02-10T15:00:10","guid":{"rendered":"http:\/\/www.siilog.com\/?page_id=294"},"modified":"2018-09-04T08:06:36","modified_gmt":"2018-09-04T08:06:36","slug":"carreiras","status":"publish","type":"page","link":"https:\/\/www.siilog.com\/es\/carreiras\/","title":{"rendered":"Carreras"},"content":{"rendered":"<p><strong>Estimado colaborador, \u00a1es con el mayor placer que te integramos en nuestro equipo!<\/strong><\/p>\n<p>En SIILOG recibir a un nuevo empleado es, fundamentalmente, ofrecerle las condiciones para potenciar su valor y alcanzar el \u00e9xito.<br \/>\nSIILOG es una empresa innovadora, enraizada en el mercado, con una mentalidad joven y din\u00e1mica para la que no existen l\u00edmites al aprendizaje ni a la voluntad de vencer obst\u00e1culos.<\/p>\n<p><strong>Para SIILOG lo importante son las personas, \u00a1por eso las valoramos!<\/strong><\/p>\n<p>\u00c9xito y determinaci\u00f3n dependen de ellas\u2026<br \/>\nEsp\u00edritu de grupo, \u00e9tica, sacrificio, honestidad, profesionalismo y responsabilidad son las palabras clave para tu sentido de orientaci\u00f3n.<\/p>\n<p><strong>El d\u00eda \u201cD\u201d<\/strong><\/p>\n<p>Conocido en SIILOG como el d\u00eda \u201cD\u201d, es el primer contacto y la primera impresi\u00f3n del nuevo empleado con la realidad de la empresa (compa\u00f1eros, m\u00e9todos de trabajo).<br \/>\nSeg\u00fan la funci\u00f3n para la que haya sido reclutado, ser\u00e1 presentado de forma breve por la administraci\u00f3n a todos los compa\u00f1eros y de forma detallada a la jefatura directa.<br \/>\nPosteriormente es informado sobre algunos fracasos y \u00e9xitos de SIILOG, para estar compenetrado con la realidad y sus capacidades.<\/p>","protected":false},"excerpt":{"rendered":"Estimado colaborador, \u00a1es con el mayor placer que te integramos en nuestro equipo! En SIILOG recibir a un nuevo empleado es, fundamentalmente, ofrecerle las condiciones para potenciar su valor y alcanzar el \u00e9xito. SIILOG es una empresa innovadora, enraizada en el mercado, con una mentalidad joven y din\u00e1mica para la que no existen l\u00edmites al&#8230;  <a class=\"excerpt-read-more\" href=\"https:\/\/www.siilog.com\/es\/carreiras\/\" title=\"ReadCarreras\">Read more &raquo;<\/a>","protected":false},"author":1,"featured_media":0,"parent":0,"menu_order":0,"comment_status":"closed","ping_status":"closed","template":"page-full-width.php","meta":{"footnotes":""},"_links":{"self":[{"href":"https:\/\/www.siilog.com\/es\/wp-json\/wp\/v2\/pages\/294"}],"collection":[{"href":"https:\/\/www.siilog.com\/es\/wp-json\/wp\/v2\/pages"}],"about":[{"href":"https:\/\/www.siilog.com\/es\/wp-json\/wp\/v2\/types\/page"}],"author":[{"embeddable":true,"href":"https:\/\/www.siilog.com\/es\/wp-json\/wp\/v2\/users\/1"}],"replies":[{"embeddable":true,"href":"https:\/\/www.siilog.com\/es\/wp-json\/wp\/v2\/comments?post=294"}],"version-history":[{"count":12,"href":"https:\/\/www.siilog.com\/es\/wp-json\/wp\/v2\/pages\/294\/revisions"}],"predecessor-version":[{"id":762,"href":"https:\/\/www.siilog.com\/es\/wp-json\/wp\/v2\/pages\/294\/revisions\/762"}],"wp:attachment":[{"href":"https:\/\/www.siilog.com\/es\/wp-json\/wp\/v2\/media?parent=294"}],"curies":[{"name":"wp","href":"https:\/\/api.w.org\/{rel}","templated":true}]}}