{"id":853,"date":"2024-03-25T13:06:24","date_gmt":"2024-03-25T13:06:24","guid":{"rendered":"https:\/\/www.siilog.com\/?page_id=853"},"modified":"2024-04-02T17:46:27","modified_gmt":"2024-04-02T17:46:27","slug":"automation-software","status":"publish","type":"page","link":"https:\/\/www.siilog.com\/en\/automation-software\/","title":{"rendered":"Automation &#038; Software"},"content":{"rendered":"<div class=\"wp-block-columns is-layout-flex wp-container-core-columns-layout-1 wp-block-columns-is-layout-flex\">\n<div class=\"wp-block-column is-layout-flow wp-block-column-is-layout-flow\">\n<figure class=\"wp-block-embed is-type-video is-provider-youtube wp-block-embed-youtube wp-embed-aspect-16-9 wp-has-aspect-ratio\"><div class=\"wp-block-embed__wrapper\">\n<iframe loading=\"lazy\" title=\"automation software video\" width=\"500\" height=\"281\" src=\"https:\/\/www.youtube.com\/embed\/1ZYElxAXMyg?feature=oembed\" frameborder=\"0\" allow=\"accelerometer; autoplay; clipboard-write; encrypted-media; gyroscope; picture-in-picture; web-share\" referrerpolicy=\"strict-origin-when-cross-origin\" allowfullscreen><\/iframe>\n<\/div><\/figure>\n<\/div>\n\n\n\n<div class=\"wp-block-column is-layout-flow wp-block-column-is-layout-flow\">\n<h4 class=\"wp-block-heading\">With more than 35 years of know-how, and global dynamics with Portuguese and European engineering:<\/h4>\n\n\n\n<p>We put at your disposal your management software of our intralogistic systems and warehouses aimed at small, medium, large companies for the most diverse sectors of activity.<\/p>\n\n\n\n<p>Its main objective is to control, coordinate and manage all value chain processes that take place in a warehouse.<\/p>\n\n\n\n<p>The different levels of functionality of SIILOG Software allow you to adapt to your specific needs of each installation according to the degree of complexity and automation of the warehouse, being able to easily adapt the optimization to the growth of a business or to new processes and volumes.<\/p>\n\n\n\n<p>&nbsp;<\/p>\n<\/div>\n<\/div>\n\n\n\n<div class=\"wp-block-spacer\" style=\"height: 100px;\" aria-hidden=\"true\">\u00a0<\/div>\n\n\n\n<div class=\"wp-block-columns is-layout-flex wp-container-core-columns-layout-2 wp-block-columns-is-layout-flex\">\n<div class=\"wp-block-column is-layout-flow wp-block-column-is-layout-flow\">\n<h4 class=\"wp-block-heading\">Advantages<\/h4>\n\n\n\n<ul>\n<li>Increased logistics productivity and reduced number of operations.<\/li>\n\n\n\n<li>Total control of locations.<\/li>\n\n\n\n<li>Real-time control of orders.<\/li>\n\n\n\n<li>Control of workers' productivity.<\/li>\n\n\n\n<li>Increased speed in the preparation and sending of orders.<\/li>\n\n\n\n<li>Aumento da rapidez na prepara\u00e7\u00e3o e no envio dos pedidos.<\/li>\n\n\n\n<li>Improved compliance with order delivery times.<\/li>\n\n\n\n<li>Reduction of time in innumerable jobs in the supply chain<\/li>\n\n\n\n<li>Better use of physical and human resources.<\/li>\n\n\n\n<li>Drastic reduction in costs caused by expiration dates or unknown loss.<\/li>\n<\/ul>\n<\/div>\n\n\n\n<div class=\"wp-block-column is-layout-flow wp-block-column-is-layout-flow\">\n<figure class=\"wp-block-image size-full\"><img loading=\"lazy\" decoding=\"async\" width=\"570\" height=\"470\" src=\"http:\/\/www.siilog.com\/wp-content\/uploads\/2024\/03\/shutterstock_1653631864-2.webp\" alt=\"\" class=\"wp-image-867\"\/><\/figure>\n<\/div>\n<\/div>\n\n\n\n<div class=\"wp-block-buttons is-content-justification-center is-layout-flex wp-container-core-buttons-layout-1 wp-block-buttons-is-layout-flex\">\n<div class=\"wp-block-button has-custom-font-size has-medium-font-size\"><a class=\"wp-block-button__link has-white-color has-text-color has-background has-link-color has-text-align-center wp-element-button\" href=\"mailto:automation.software@siilog.com\" style=\"border-radius:8px;background-color:#a10330\">Fale conosco<\/a><\/div>\n<\/div>","protected":false},"excerpt":{"rendered":"Com mais de 35 anos de know-how, e din\u00e2mica global com engenharia portuguesa e europeia: Colocamos a sua disposi\u00e7\u00e3o o seu software de gest\u00e3o dos nossos sistemas intralogisticos e armaz\u00e9ns dirigido a pequenas, m\u00e9dias, grandes empresas para os mais diversos sectores de actividade. Tem como principal objectivo controlar, coordenar e gerir todos os processos de&#8230;  <a class=\"excerpt-read-more\" href=\"https:\/\/www.siilog.com\/en\/automation-software\/\" title=\"ReadAutomation &#038; Software\">Read more &raquo;<\/a>","protected":false},"author":2,"featured_media":0,"parent":0,"menu_order":0,"comment_status":"closed","ping_status":"closed","template":"page-full-width.php","meta":{"footnotes":""},"_links":{"self":[{"href":"https:\/\/www.siilog.com\/en\/wp-json\/wp\/v2\/pages\/853"}],"collection":[{"href":"https:\/\/www.siilog.com\/en\/wp-json\/wp\/v2\/pages"}],"about":[{"href":"https:\/\/www.siilog.com\/en\/wp-json\/wp\/v2\/types\/page"}],"author":[{"embeddable":true,"href":"https:\/\/www.siilog.com\/en\/wp-json\/wp\/v2\/users\/2"}],"replies":[{"embeddable":true,"href":"https:\/\/www.siilog.com\/en\/wp-json\/wp\/v2\/comments?post=853"}],"version-history":[{"count":37,"href":"https:\/\/www.siilog.com\/en\/wp-json\/wp\/v2\/pages\/853\/revisions"}],"predecessor-version":[{"id":1042,"href":"https:\/\/www.siilog.com\/en\/wp-json\/wp\/v2\/pages\/853\/revisions\/1042"}],"wp:attachment":[{"href":"https:\/\/www.siilog.com\/en\/wp-json\/wp\/v2\/media?parent=853"}],"curies":[{"name":"wp","href":"https:\/\/api.w.org\/{rel}","templated":true}]}}